{"id":13538,"date":"2024-02-10T16:49:08","date_gmt":"2024-02-10T16:49:08","guid":{"rendered":"https:\/\/yasyt.com\/por-que-trabajar-en-yasyt"},"modified":"2026-01-15T09:30:15","modified_gmt":"2026-01-15T09:30:15","slug":"per-que-treballar-a-yasyt","status":"publish","type":"page","link":"https:\/\/yasyt.com\/ca\/per-que-treballar-a-yasyt","title":{"rendered":"Per qu\u00e8 treballar a YASYT"},"content":{"rendered":"\t\t<div data-elementor-type=\"wp-page\" data-elementor-id=\"13538\" class=\"elementor elementor-13538 elementor-10846\" data-elementor-post-type=\"page\">\n\t\t\t\t<div class=\"elementor-element elementor-element-f88b98e wrapper-wide section-normal e-flex e-con-boxed default e-con e-parent\" data-id=\"f88b98e\" data-element_type=\"container\">\n\t\t\t\t\t<div class=\"e-con-inner\">\n\t\t<div class=\"has-parallax has-anim maskDown elementor-element elementor-element-9d6dc23 e-con-full wrapper-wide section-normal e-flex default e-con e-child\" data-parallax-speed=\"10\" data-parallax-direction=\"up\" data-start=\"-50 1.5\" data-end=\"50\" data-duration=\"1\" data-delay=\"0\" data-scrub=\"false\" data-pin=\"false\" data-out=\"false\" data-origin=\"top center\" data-id=\"9d6dc23\" data-element_type=\"container\">\n\t\t\t\t<div class=\"elementor-element elementor-element-6e96d61 elementor-widget elementor-widget-spacer\" data-id=\"6e96d61\" data-element_type=\"widget\" data-widget_type=\"spacer.default\">\n\t\t\t\t<div class=\"elementor-widget-container\">\n\t\t\t\t\t\t\t<div class=\"elementor-spacer\">\n\t\t\t<div class=\"elementor-spacer-inner\"><\/div>\n\t\t<\/div>\n\t\t\t\t\t\t<\/div>\n\t\t\t\t<\/div>\n\t\t\t\t<div class=\"elementor-element elementor-element-067e2de elementor-widget elementor-widget-naylaanimatedheading\" data-id=\"067e2de\" data-element_type=\"widget\" data-widget_type=\"naylaanimatedheading.default\">\n\t\t\t\t<div class=\"elementor-widget-container\">\n\t\t\t\t\t\n<div class=\"text-wrapper \" data-dynamic-words=\"\" data-duration=\"1.5\">\n\n\n    <h1 class=\"align-left\">\n        \n        Por qu\u00e9  trabajar<br\/>en YASYT?<\/h1>\n\n\n<\/div>\n\n\n\t\t\t\t<\/div>\n\t\t\t\t<\/div>\n\t\t\t\t<\/div>\n\t\t\t\t\t<\/div>\n\t\t\t\t<\/div>\n\t\t<div class=\"elementor-element elementor-element-6dc9160 wrapper-wide section-normal e-flex e-con-boxed default e-con e-parent\" data-id=\"6dc9160\" data-element_type=\"container\">\n\t\t\t\t\t<div class=\"e-con-inner\">\n\t\t<div class=\"elementor-element elementor-element-fc25bd2 e-con-full wrapper-wide section-normal e-flex default e-con e-child\" data-id=\"fc25bd2\" data-element_type=\"container\">\n\t\t<div class=\"elementor-element elementor-element-70bc85c e-con-full wrapper-wide section-normal e-flex default e-con e-child\" data-id=\"70bc85c\" data-element_type=\"container\">\n\t\t<div class=\"elementor-element elementor-element-bc90d46 e-con-full wrapper-wide section-normal e-flex default e-con e-child\" data-id=\"bc90d46\" data-element_type=\"container\">\n\t\t\t\t<div class=\"elementor-element elementor-element-4fbb070 elementor-widget elementor-widget-naylatextwrapper\" data-id=\"4fbb070\" data-element_type=\"widget\" data-widget_type=\"naylatextwrapper.default\">\n\t\t\t\t<div class=\"elementor-widget-container\">\n\t\t\t\t\t\n\n\n<div class=\"text-wrapper  \">\n\n    <p class=\"has-anim-text linesMask  text-h2  false\" data-stagger=\"0.1\" data-duration=\"1.5\"data-delay=\"0\"data-scrub=\"\" data-pin=\"false\"> Buscamos personas apasionadas por la tecnolog\u00eda, la innovaci\u00f3n y los resultados, comprometidos con la excelencia y entusiasmadas por resolver desaf\u00edos.<\/p>\n\n\n<\/div>\n\n\n\t\t\t\t<\/div>\n\t\t\t\t<\/div>\n\t\t\t\t<\/div>\n\t\t\t\t<\/div>\n\t\t<div class=\"elementor-element elementor-element-f3d8e80 e-con-full wrapper-wide section-normal e-flex default e-con e-child\" data-id=\"f3d8e80\" data-element_type=\"container\">\n\t\t<div class=\"elementor-element elementor-element-fb649c8 e-con-full wrapper-wide section-normal e-flex default e-con e-child\" data-id=\"fb649c8\" data-element_type=\"container\">\n\t\t\t\t<div class=\"elementor-element elementor-element-e46db7d elementor-widget__width-initial elementor-widget elementor-widget-naylatextwrapper\" data-id=\"e46db7d\" data-element_type=\"widget\" data-widget_type=\"naylatextwrapper.default\">\n\t\t\t\t<div class=\"elementor-widget-container\">\n\t\t\t\t\t\n\n\n<div class=\"text-wrapper  \">\n\n    <p class=\"has-anim-text linesDown  text-p  false\" data-stagger=\"0.03\" data-duration=\"1.5\"data-delay=\"0\"data-scrub=\"false\" data-pin=\"false\"> Tenemos un prop\u00f3sito: fusionar tecnolog\u00eda y conocimiento para transformar vidas, priorizando la salud y el bienestar de las personas.\n<br\/><br\/> \nVamos m\u00e1s all\u00e1 de los resultados, ya que nos obsesiona generar impacto tangible y medible en todo aquello que tocamos.\n<br\/><br\/>\nFomentamos un crecimiento integral, profesional y personal. Aqu\u00ed, tu desarrollo es una prioridad, tanto en el trabajo como fuera de \u00e9l.\n<br\/><br\/>\nYasyt es una empresa con alma donde, no solo trabajamos juntos, sino que creamos un ambiente para tu talento. Tu voz importa, forma parte de nuestra historia.\n<br\/><br\/>\nNos entusiasma la idea de unir talentos excepcionales en equipos capaces de alcanzar grandes logros.<\/p>\n\n\n<\/div>\n\n\n\t\t\t\t<\/div>\n\t\t\t\t<\/div>\n\t\t\t\t<\/div>\n\t\t<div class=\"elementor-element elementor-element-0ab9c22 e-con-full wrapper-wide section-normal e-flex default e-con e-child\" data-id=\"0ab9c22\" data-element_type=\"container\">\n\t\t\t\t<div class=\"elementor-element elementor-element-370cfdb elementor-widget elementor-widget-naylasingleimage\" data-id=\"370cfdb\" data-element_type=\"widget\" data-widget_type=\"naylasingleimage.default\">\n\t\t\t\t<div class=\"elementor-widget-container\">\n\t\t\t\t\t\n\n<div class=\"single-image align-left    cursor-default  \" data-duration=0.5 data-delay=\"0\" data-scrub=\"false\" data-pin=\"false\" data-block-color=\"\" data-anim-out=\"\" data-image-scale=\"false\" >\n\n\n    <img decoding=\"async\" src=\"https:\/\/yasyt.com\/wp-content\/uploads\/2026\/01\/foto-equipo.jpg\">\n    \n    \n\n<\/div>\n            \n            \n\n\n\t\t\t\t<\/div>\n\t\t\t\t<\/div>\n\t\t\t\t<div class=\"elementor-element elementor-element-457674f elementor-widget elementor-widget-naylabutton\" data-id=\"457674f\" data-element_type=\"widget\" data-widget_type=\"naylabutton.default\">\n\t\t\t\t<div class=\"elementor-widget-container\">\n\t\t\t\t\t\n\n<!--  Button -->\n<div class=\"nayla-button underline icon-right  cursor-default\" >\n\n    <span class=\"left-icon\"><i aria-hidden=\"true\" class=\"material-icons md-arrow_outward\" data-md-icon=\"arrow_outward\"><\/i><\/span>\n\n    <a target=\"_self\" href=\"\/equipo\">Nuestro Equipo<\/a>\n\n    <span class=\"right-icon\"><i aria-hidden=\"true\" class=\"material-icons md-arrow_outward\" data-md-icon=\"arrow_outward\"><\/i><\/span>\n\n<\/div>\n<!--\/ Button -->\n\n\n\t\t\t\t<\/div>\n\t\t\t\t<\/div>\n\t\t\t\t<\/div>\n\t\t\t\t<\/div>\n\t\t\t\t<\/div>\n\t\t\t\t\t<\/div>\n\t\t\t\t<\/div>\n\t\t<div class=\"elementor-element elementor-element-87c88fe wrapper-wide section-normal e-flex e-con-boxed default e-con e-parent\" data-id=\"87c88fe\" data-element_type=\"container\">\n\t\t\t\t\t<div class=\"e-con-inner\">\n\t\t\t\t<div class=\"elementor-element elementor-element-8da56b2 elementor-widget elementor-widget-naylatextwrapper\" data-id=\"8da56b2\" data-element_type=\"widget\" data-widget_type=\"naylatextwrapper.default\">\n\t\t\t\t<div class=\"elementor-widget-container\">\n\t\t\t\t\t\n\n\n<div class=\"text-wrapper  \">\n\n    <p class=\"has-anim-text linesUp  text-h3  false\" data-stagger=\"0.05\" data-duration=\"1.5\"data-delay=\"0\"data-scrub=\"false\" data-pin=\"false\"> <b>Apostamos <\/b> por la agilidad como nuestra forma de trabajar, permiti\u00e9ndonos <b>planificar, actuar y reaccionar<\/b> para alcanzar nuestros objetivos.<\/p>\n\n\n<\/div>\n\n\n\t\t\t\t<\/div>\n\t\t\t\t<\/div>\n\t\t\t\t\t<\/div>\n\t\t\t\t<\/div>\n\t\t<div class=\"elementor-element elementor-element-db66db9 wrapper-wide section-normal e-flex e-con-boxed default e-con e-parent\" data-id=\"db66db9\" data-element_type=\"container\">\n\t\t\t\t\t<div class=\"e-con-inner\">\n\t\t<div class=\"has-anim slideUp elementor-element elementor-element-73a9ea4 e-con-full wrapper-wide section-normal e-flex default e-con e-child\" data-duration=\"1\" data-delay=\"0\" data-scrub=\"false\" data-pin=\"false\" data-out=\"false\" data-start=\"1.5\" data-origin=\"top center\" data-id=\"73a9ea4\" data-element_type=\"container\">\n\t\t\t\t<div class=\"elementor-element elementor-element-f7b2c0b elementor-widget elementor-widget-naylamarquee\" data-id=\"f7b2c0b\" data-element_type=\"widget\" data-widget_type=\"naylamarquee.default\">\n\t\t\t\t<div class=\"elementor-widget-container\">\n\t\t\t\t\t\n\n<a href=\"https:\/\/yasyt.com\/contacto\">\n          <h4 class=\"nayla-marquee  left-to-right   cursor-icon icon_font\" data-duration=10 data-sepduration=10 data-lib=\"material icons\" data-cursor-icon=\"arrow_outward\">\n\n\n        <span class=\"\">\u00danete al equipo<\/span>\n        <div class=\"seperator \"> \n\n            \n            <i aria-hidden=\"true\" class=\"material-icons md-arrow_outward\" data-md-icon=\"arrow_outward\"><\/i>\n            \n\n\n\n        <\/div>\n\n\n\n   <\/h4>    <\/a>\n    \t\t\t\t<\/div>\n\t\t\t\t<\/div>\n\t\t\t\t<\/div>\n\t\t\t\t\t<\/div>\n\t\t\t\t<\/div>\n\t\t\t\t<\/div>\n\t\t","protected":false},"excerpt":{"rendered":"<p>Por qu\u00e9 trabajaren YASYT? Buscamos personas apasionadas por la tecnolog\u00eda, la innovaci\u00f3n y los resultados, comprometidos con la excelencia y entusiasmadas por resolver desaf\u00edos. Tenemos un prop\u00f3sito: fusionar tecnolog\u00eda y [&hellip;]<\/p>\n","protected":false},"author":1,"featured_media":0,"parent":0,"menu_order":0,"comment_status":"closed","ping_status":"closed","template":"","meta":{"_acf_changed":false,"content-type":"","footnotes":""},"class_list":["post-13538","page","type-page","status-publish","hentry"],"acf":[],"aioseo_notices":[],"_links":{"self":[{"href":"https:\/\/yasyt.com\/ca\/wp-json\/wp\/v2\/pages\/13538","targetHints":{"allow":["GET"]}}],"collection":[{"href":"https:\/\/yasyt.com\/ca\/wp-json\/wp\/v2\/pages"}],"about":[{"href":"https:\/\/yasyt.com\/ca\/wp-json\/wp\/v2\/types\/page"}],"author":[{"embeddable":true,"href":"https:\/\/yasyt.com\/ca\/wp-json\/wp\/v2\/users\/1"}],"replies":[{"embeddable":true,"href":"https:\/\/yasyt.com\/ca\/wp-json\/wp\/v2\/comments?post=13538"}],"version-history":[{"count":10,"href":"https:\/\/yasyt.com\/ca\/wp-json\/wp\/v2\/pages\/13538\/revisions"}],"predecessor-version":[{"id":19491,"href":"https:\/\/yasyt.com\/ca\/wp-json\/wp\/v2\/pages\/13538\/revisions\/19491"}],"wp:attachment":[{"href":"https:\/\/yasyt.com\/ca\/wp-json\/wp\/v2\/media?parent=13538"}],"curies":[{"name":"wp","href":"https:\/\/api.w.org\/{rel}","templated":true}]}}