{"id":13540,"date":"2023-09-02T14:01:40","date_gmt":"2023-09-02T14:01:40","guid":{"rendered":"https:\/\/yasyt.com\/noticias"},"modified":"2025-02-11T13:44:16","modified_gmt":"2025-02-11T13:44:16","slug":"noticies","status":"publish","type":"page","link":"https:\/\/yasyt.com\/ca\/noticies","title":{"rendered":"Noticies"},"content":{"rendered":"\t\t<div data-elementor-type=\"wp-page\" data-elementor-id=\"13540\" class=\"elementor elementor-13540 elementor-8268\" data-elementor-post-type=\"page\">\n\t\t\t\t\t\t<section class=\"elementor-section elementor-top-section elementor-element elementor-element-4206ab1 wrapper-wide section-normal elementor-section-boxed elementor-section-height-default elementor-section-height-default default\" data-id=\"4206ab1\" data-element_type=\"section\">\n\t\t\t\t\t\t<div class=\"elementor-container elementor-column-gap-default\">\n\t\t\t\t\t<div class=\"elementor-column elementor-col-100 elementor-top-column elementor-element elementor-element-46f1c26\" data-id=\"46f1c26\" data-element_type=\"column\">\n\t\t\t<div class=\"elementor-widget-wrap elementor-element-populated\">\n\t\t\t\t\t\t<section class=\"elementor-section elementor-inner-section elementor-element elementor-element-de98b47 wrapper-wide section-normal elementor-section-boxed elementor-section-height-default elementor-section-height-default default\" data-id=\"de98b47\" data-element_type=\"section\">\n\t\t\t\t\t\t<div class=\"elementor-container elementor-column-gap-default\">\n\t\t\t\t\t<div class=\"elementor-column elementor-col-50 elementor-inner-column elementor-element elementor-element-c2d4f46\" data-id=\"c2d4f46\" data-element_type=\"column\">\n\t\t\t<div class=\"elementor-widget-wrap elementor-element-populated\">\n\t\t\t\t\t\t<div class=\"elementor-element elementor-element-4a0d4c3 elementor-widget elementor-widget-naylatextwrapper\" data-id=\"4a0d4c3\" data-element_type=\"widget\" data-widget_type=\"naylatextwrapper.default\">\n\t\t\t\t<div class=\"elementor-widget-container\">\n\t\t\t\t\t\n\n\n<div class=\"text-wrapper no-margin \">\n\n    <p class=\"has-anim-text charsUp  text-h1  false\" data-stagger=\"0.1\" data-duration=\"1.5\"data-delay=\"0\"data-scrub=\"false\" data-pin=\"false\"> Noticias<\/p>\n\n\n<\/div>\n\n\n\t\t\t\t<\/div>\n\t\t\t\t<\/div>\n\t\t\t\t\t<\/div>\n\t\t<\/div>\n\t\t\t\t<div class=\"elementor-column elementor-col-50 elementor-inner-column elementor-element elementor-element-9d27227\" data-id=\"9d27227\" data-element_type=\"column\">\n\t\t\t<div class=\"elementor-widget-wrap elementor-element-populated\">\n\t\t\t\t\t\t<div class=\"elementor-element elementor-element-ab8abe3 elementor-widget elementor-widget-naylatextwrapper\" data-id=\"ab8abe3\" data-element_type=\"widget\" data-widget_type=\"naylatextwrapper.default\">\n\t\t\t\t<div class=\"elementor-widget-container\">\n\t\t\t\t\t\n\n\n<div class=\"text-wrapper  \">\n\n    <p class=\"has-anim-text wordsUp  text-h6  false\" data-stagger=\"0.02\" data-duration=\"1.5\"data-delay=\"0\"data-scrub=\"false\" data-pin=\"false\"> Descubre art\u00edculos emocionantes que abarcan una variedad de temas. Desde actualizaciones de la industria hasta consejos \u00fatiles, aqu\u00ed encontrar\u00e1s todo lo que necesitas para mantenerte informado. \u00a1No te pierdas las \u00faltimas noticias!<\/p>\n\n\n<\/div>\n\n\n\t\t\t\t<\/div>\n\t\t\t\t<\/div>\n\t\t\t\t\t<\/div>\n\t\t<\/div>\n\t\t\t\t\t<\/div>\n\t\t<\/section>\n\t\t\t\t\t<\/div>\n\t\t<\/div>\n\t\t\t\t\t<\/div>\n\t\t<\/section>\n\t\t\t\t<section class=\"elementor-section elementor-top-section elementor-element elementor-element-a443514 wrapper-wide section-normal elementor-section-boxed elementor-section-height-default elementor-section-height-default default\" data-id=\"a443514\" data-element_type=\"section\">\n\t\t\t\t\t\t<div class=\"elementor-container elementor-column-gap-default\">\n\t\t\t\t\t<div class=\"elementor-column elementor-col-100 elementor-top-column elementor-element elementor-element-b6a70a1\" data-id=\"b6a70a1\" data-element_type=\"column\">\n\t\t\t<div class=\"elementor-widget-wrap elementor-element-populated\">\n\t\t\t\t\t\t<section class=\"elementor-section elementor-inner-section elementor-element elementor-element-9aef899 wrapper-wide section-normal elementor-section-boxed elementor-section-height-default elementor-section-height-default default\" data-id=\"9aef899\" data-element_type=\"section\">\n\t\t\t\t\t\t<div class=\"elementor-container elementor-column-gap-default\">\n\t\t\t\t\t<div class=\"has-anim fadeUp elementor-column elementor-col-100 elementor-inner-column elementor-element elementor-element-a067451\" data-duration=\"1\" data-delay=\"0\" data-scrub=\"false\" data-pin=\"false\" data-out=\"false\" data-start=\"1.5\" data-origin=\"top center\" data-id=\"a067451\" data-element_type=\"column\">\n\t\t\t<div class=\"elementor-widget-wrap elementor-element-populated\">\n\t\t\t\t\t\t<div class=\"elementor-element elementor-element-34a24a5 elementor-widget elementor-widget-naylatextwrapper\" data-id=\"34a24a5\" data-element_type=\"widget\" data-widget_type=\"naylatextwrapper.default\">\n\t\t\t\t<div class=\"elementor-widget-container\">\n\t\t\t\t\t\n\n\n<div class=\"text-wrapper no-margin \">\n\n    <p class=\"has-anim-text charsUp  text-p  false\" data-stagger=\"0.1\" data-duration=\"1.5\"data-delay=\"0\"data-scrub=\"false\" data-pin=\"false\"> (\u00daLTIMO ART\u00cdCULO)<\/p>\n\n\n<\/div>\n\n\n\t\t\t\t<\/div>\n\t\t\t\t<\/div>\n\t\t\t\t<div class=\"elementor-element elementor-element-366e9d5 elementor-widget elementor-widget-naylasinglepost\" data-id=\"366e9d5\" data-element_type=\"widget\" data-widget_type=\"naylasinglepost.default\">\n\t\t\t\t<div class=\"elementor-widget-container\">\n\t\t\t\t\t\n\n\n\t\t\t\t<\/div>\n\t\t\t\t<\/div>\n\t\t\t\t\t<\/div>\n\t\t<\/div>\n\t\t\t\t\t<\/div>\n\t\t<\/section>\n\t\t\t\t\t<\/div>\n\t\t<\/div>\n\t\t\t\t\t<\/div>\n\t\t<\/section>\n\t\t\t\t<section class=\"elementor-section elementor-top-section elementor-element elementor-element-b3c17c8 wrapper-wide section-normal elementor-section-boxed elementor-section-height-default elementor-section-height-default default\" data-id=\"b3c17c8\" data-element_type=\"section\">\n\t\t\t\t\t\t<div class=\"elementor-container elementor-column-gap-default\">\n\t\t\t\t\t<div class=\"has-anim fadeUp elementor-column elementor-col-100 elementor-top-column elementor-element elementor-element-58921c1\" data-duration=\"1\" data-delay=\"0\" data-scrub=\"false\" data-pin=\"false\" data-out=\"false\" data-start=\"1.5\" data-origin=\"top center\" data-id=\"58921c1\" data-element_type=\"column\">\n\t\t\t<div class=\"elementor-widget-wrap elementor-element-populated\">\n\t\t\t\t\t\t<div class=\"elementor-element elementor-element-0ebd927 elementor-widget elementor-widget-naylablogposts\" data-id=\"0ebd927\" data-element_type=\"widget\" data-widget_type=\"naylablogposts.default\">\n\t\t\t\t<div class=\"elementor-widget-container\">\n\t\t\t\t\t\n<div  class=\"nayla-posts-grid grid-col col-3\" data-total=\"0\">\n\n    \n    <div class=\"grid--filters\">\n\n        <ul class=\"filters-list\">\n\n            <li class=\"post-filter active\" data-category=\"all\">Todos<\/li>\n\n                        <li class=\"post-filter\" data-category=\"\"><\/li>\n\n                        <li class=\"post-filter\" data-category=\"\"><\/li>\n\n                        <li class=\"post-filter\" data-category=\"\"><\/li>\n\n                        <li class=\"post-filter\" data-category=\"\"><\/li>\n\n            \n        <\/ul>\n\n    <\/div>\n\n    \n\n\n    <div class=\"grid--posts\">\n\n        \n       \n\n    <\/div>\n    \n        \n    <div class=\"nayla-load-more\">\n        \n         <div class=\"nbp--load-more\">CARGAR M\u00c1S ART\u00cdCULOS<\/div>\n    \n    <\/div>\n\n\n<\/div>\n\n\t\t\t\t<\/div>\n\t\t\t\t<\/div>\n\t\t\t\t\t<\/div>\n\t\t<\/div>\n\t\t\t\t\t<\/div>\n\t\t<\/section>\n\t\t\t\t<\/div>\n\t\t","protected":false},"excerpt":{"rendered":"<p>Noticias Descubre art\u00edculos emocionantes que abarcan una variedad de temas. Desde actualizaciones de la industria hasta consejos \u00fatiles, aqu\u00ed encontrar\u00e1s todo lo que necesitas para mantenerte informado. \u00a1No te pierdas [&hellip;]<\/p>\n","protected":false},"author":1,"featured_media":0,"parent":0,"menu_order":0,"comment_status":"closed","ping_status":"closed","template":"","meta":{"_acf_changed":false,"content-type":"","footnotes":""},"class_list":["post-13540","page","type-page","status-publish","hentry"],"acf":[],"aioseo_notices":[],"_links":{"self":[{"href":"https:\/\/yasyt.com\/ca\/wp-json\/wp\/v2\/pages\/13540","targetHints":{"allow":["GET"]}}],"collection":[{"href":"https:\/\/yasyt.com\/ca\/wp-json\/wp\/v2\/pages"}],"about":[{"href":"https:\/\/yasyt.com\/ca\/wp-json\/wp\/v2\/types\/page"}],"author":[{"embeddable":true,"href":"https:\/\/yasyt.com\/ca\/wp-json\/wp\/v2\/users\/1"}],"replies":[{"embeddable":true,"href":"https:\/\/yasyt.com\/ca\/wp-json\/wp\/v2\/comments?post=13540"}],"version-history":[{"count":2,"href":"https:\/\/yasyt.com\/ca\/wp-json\/wp\/v2\/pages\/13540\/revisions"}],"predecessor-version":[{"id":18570,"href":"https:\/\/yasyt.com\/ca\/wp-json\/wp\/v2\/pages\/13540\/revisions\/18570"}],"wp:attachment":[{"href":"https:\/\/yasyt.com\/ca\/wp-json\/wp\/v2\/media?parent=13540"}],"curies":[{"name":"wp","href":"https:\/\/api.w.org\/{rel}","templated":true}]}}