{"id":13546,"date":"2023-08-19T21:42:21","date_gmt":"2023-08-19T21:42:21","guid":{"rendered":"https:\/\/yasyt.com\/equipo"},"modified":"2026-04-20T11:53:42","modified_gmt":"2026-04-20T11:53:42","slug":"equip","status":"publish","type":"page","link":"https:\/\/yasyt.com\/ca\/equip","title":{"rendered":"Equip"},"content":{"rendered":"\t\t<div data-elementor-type=\"wp-page\" data-elementor-id=\"13546\" class=\"elementor elementor-13546 elementor-2245\" data-elementor-post-type=\"page\">\n\t\t\t\t<div class=\"elementor-element elementor-element-71cb3f5 wrapper-wide section-normal e-flex e-con-boxed default e-con e-parent\" data-id=\"71cb3f5\" data-element_type=\"container\">\n\t\t\t\t\t<div class=\"e-con-inner\">\n\t\t<div class=\"elementor-element elementor-element-3b8df2e e-con-full wrapper-wide section-normal e-flex default e-con e-child\" data-id=\"3b8df2e\" data-element_type=\"container\">\n\t\t\t\t<div class=\"elementor-element elementor-element-f60caf7 elementor-widget elementor-widget-spacer\" data-id=\"f60caf7\" data-element_type=\"widget\" data-widget_type=\"spacer.default\">\n\t\t\t\t<div class=\"elementor-widget-container\">\n\t\t\t\t\t\t\t<div class=\"elementor-spacer\">\n\t\t\t<div class=\"elementor-spacer-inner\"><\/div>\n\t\t<\/div>\n\t\t\t\t\t\t<\/div>\n\t\t\t\t<\/div>\n\t\t<div class=\"elementor-element elementor-element-1716d5b e-con-full wrapper-wide section-normal e-flex default e-con e-child\" data-id=\"1716d5b\" data-element_type=\"container\">\n\t\t<div class=\"elementor-element elementor-element-a9bd689 e-con-full wrapper-wide section-normal e-flex default e-con e-child\" data-id=\"a9bd689\" data-element_type=\"container\">\n\t\t\t\t<div class=\"elementor-element elementor-element-64a315b elementor-widget elementor-widget-naylatextwrapper\" data-id=\"64a315b\" data-element_type=\"widget\" data-widget_type=\"naylatextwrapper.default\">\n\t\t\t\t<div class=\"elementor-widget-container\">\n\t\t\t\t\t\n\n\n<div class=\"text-wrapper no-margin \">\n\n    <p class=\"has-anim-text linesMask  text-h2  false\" data-stagger=\"0.01\" data-duration=\"1.5\"data-delay=\"0\"data-scrub=\"false\" data-pin=\"false\"> Con talentos diversos y una pasi\u00f3n compartida por la excelencia. <\/p>\n\n\n<\/div>\n\n\n\t\t\t\t<\/div>\n\t\t\t\t<\/div>\n\t\t\t\t<\/div>\n\t\t\t\t<\/div>\n\t\t\t\t<\/div>\n\t\t\t\t\t<\/div>\n\t\t\t\t<\/div>\n\t\t<div class=\"elementor-element elementor-element-e5e2c8d wrapper-wide section-normal e-flex e-con-boxed default e-con e-parent\" data-id=\"e5e2c8d\" data-element_type=\"container\">\n\t\t\t\t\t<div class=\"e-con-inner\">\n\t\t<div class=\"pinned elementor-element elementor-element-01358d8 e-con-full wrapper-wide section-normal e-flex default e-con e-child\" data-pin=\"#pinTarget\" data-id=\"01358d8\" data-element_type=\"container\">\n\t\t\t\t<div class=\"elementor-element elementor-element-b3a0aea elementor-widget elementor-widget-naylatextwrapper\" data-id=\"b3a0aea\" data-element_type=\"widget\" data-widget_type=\"naylatextwrapper.default\">\n\t\t\t\t<div class=\"elementor-widget-container\">\n\t\t\t\t\t\n\n\n<div class=\"text-wrapper  \">\n\n    <p class=\"has-anim-text wordsUp  text-h1  false\" data-stagger=\"0.1\" data-duration=\"1.5\"data-delay=\"0\"data-scrub=\"\" data-pin=\"false\"> Nuestro Equipo<\/p>\n\n\n<\/div>\n\n\n\t\t\t\t<\/div>\n\t\t\t\t<\/div>\n\t\t\t\t<div class=\"elementor-element elementor-element-4497c5e elementor-widget__width-initial elementor-widget elementor-widget-naylatextwrapper\" data-id=\"4497c5e\" data-element_type=\"widget\" data-widget_type=\"naylatextwrapper.default\">\n\t\t\t\t<div class=\"elementor-widget-container\">\n\t\t\t\t\t\n\n\n<div class=\"text-wrapper  \">\n\n    <p class=\"has-anim-text charsUp  text-h6  false\" data-stagger=\"0.01\" data-duration=\"1.5\"data-delay=\"0\"data-scrub=\"true\" data-pin=\"false\"> Conoce a las personas que hacen esto posible<\/p>\n\n\n<\/div>\n\n\n\t\t\t\t<\/div>\n\t\t\t\t<\/div>\n\t\t\t\t<\/div>\n\t\t<div class=\"elementor-element elementor-element-dd733c5 e-con-full wrapper-wide section-normal e-flex default e-con e-child\" data-id=\"dd733c5\" data-element_type=\"container\">\n\t\t\t\t<div class=\"elementor-element elementor-element-ca4d5ea elementor-widget elementor-widget-naylateamperson\" data-id=\"ca4d5ea\" data-element_type=\"widget\" data-widget_type=\"naylateamperson.default\">\n\t\t\t\t<div class=\"elementor-widget-container\">\n\t\t\t\t\t\n<div class=\"nayla-team-member\">\n    \n    <div class=\"team-member-image\">\n    \n        \n        <img style='height: auto' alt='team-member-image' src='https:\/\/yasyt.com\/wp-content\/uploads\/2024\/02\/all-640x640-144ppp_0003_Avatar_JoseLuis.jpg.jpg'>        \n    <\/div>\n    \n    <div class=\"team-member-card\">\n    \n        \n        <h6 class=\"team-member-name\"> JOSE LUIS INFIESTA <\/h6>\n        \n        <p class=\"team-member-title\"> CEO - Founder <\/p>\n        \n        <p class=\"team-member-cv\"> Ingeniero de telecomunicaciones y PADE IESE. Amplia experiencia en tecnolog\u00edas de la informaci\u00f3n y gesti\u00f3n de internet. Una vasta experiencia en el dise\u00f1o, desarrollo, implementaci\u00f3n y ejecuci\u00f3n de proyectos importantes. <\/p>\n    \n        \n    <\/div>\n    \n    <div class=\"team-member-socials\">\n        \n        <ul class=\"menu social-menu\">\n        \n            <li> <a href='Array'><\/a><\/li>            \n        \n        <\/ul>\n    \n    <\/div>\n    \n<\/div>\n\n\n\n\t\t\t\t<\/div>\n\t\t\t\t<\/div>\n\t\t\t\t<div class=\"elementor-element elementor-element-3ef0125 elementor-widget elementor-widget-naylateamperson\" data-id=\"3ef0125\" data-element_type=\"widget\" data-widget_type=\"naylateamperson.default\">\n\t\t\t\t<div class=\"elementor-widget-container\">\n\t\t\t\t\t\n<div class=\"nayla-team-member\">\n    \n    <div class=\"team-member-image\">\n    \n        \n        <img style='height: auto' alt='team-member-image' src='https:\/\/yasyt.com\/wp-content\/uploads\/2024\/02\/all-640x640-144ppp_0006_Avatar_Nuria.jpg.jpg'>        \n    <\/div>\n    \n    <div class=\"team-member-card\">\n    \n        \n        <h6 class=\"team-member-name\"> NURIA INFIESTA <\/h6>\n        \n        <p class=\"team-member-title\"> COO - Founder <\/p>\n        \n        <p class=\"team-member-cv\"> M\u00e1ster en Gerontolog\u00eda Social en IL3, Universidad de Barcelona. Ha trabajado en el \u00e1mbito sanitario y en la venta, planificaci\u00f3n y desarrollo de formaci\u00f3n para el personal hospitalario y socio-sanitario. <\/p>\n    \n        \n    <\/div>\n    \n    <div class=\"team-member-socials\">\n        \n        <ul class=\"menu social-menu\">\n        \n            <li> <a href='Array'><\/a><\/li>            \n        \n        <\/ul>\n    \n    <\/div>\n    \n<\/div>\n\n\n\n\t\t\t\t<\/div>\n\t\t\t\t<\/div>\n\t\t\t\t<div class=\"elementor-element elementor-element-55e20d4 elementor-widget elementor-widget-naylateamperson\" data-id=\"55e20d4\" data-element_type=\"widget\" data-widget_type=\"naylateamperson.default\">\n\t\t\t\t<div class=\"elementor-widget-container\">\n\t\t\t\t\t\n<div class=\"nayla-team-member\">\n    \n    <div class=\"team-member-image\">\n    \n        \n        <img style='height: auto' alt='team-member-image' src='https:\/\/yasyt.com\/wp-content\/uploads\/2025\/03\/20250226_153443-e1742721507501.jpg'>        \n    <\/div>\n    \n    <div class=\"team-member-card\">\n    \n        \n        <h6 class=\"team-member-name\"> ARNAU VIVES <\/h6>\n        \n        <p class=\"team-member-title\"> Engineer <\/p>\n        \n        <p class=\"team-member-cv\"> Computer Engineer at la Salle University Ramon Llull. <\/p>\n    \n        \n    <\/div>\n    \n    <div class=\"team-member-socials\">\n        \n        <ul class=\"menu social-menu\">\n        \n            <li> <a href='Array'><\/a><\/li>            \n        \n        <\/ul>\n    \n    <\/div>\n    \n<\/div>\n\n\n\n\t\t\t\t<\/div>\n\t\t\t\t<\/div>\n\t\t\t\t<div class=\"elementor-element elementor-element-252d889 elementor-widget elementor-widget-naylateamperson\" data-id=\"252d889\" data-element_type=\"widget\" data-widget_type=\"naylateamperson.default\">\n\t\t\t\t<div class=\"elementor-widget-container\">\n\t\t\t\t\t\n<div class=\"nayla-team-member\">\n    \n    <div class=\"team-member-image\">\n    \n        \n        <img style='height: auto' alt='team-member-image' src='https:\/\/yasyt.com\/wp-content\/uploads\/2024\/10\/Anas-2.png'>        \n    <\/div>\n    \n    <div class=\"team-member-card\">\n    \n        \n        <h6 class=\"team-member-name\"> ANAS LHARRAK <\/h6>\n        \n        <p class=\"team-member-title\"> Front-end Developer <\/p>\n        \n        <p class=\"team-member-cv\"> Computer Engineer at la Salle University Ramon Llull. <\/p>\n    \n        \n    <\/div>\n    \n    <div class=\"team-member-socials\">\n        \n        <ul class=\"menu social-menu\">\n        \n            <li> <a href='Array'><\/a><\/li>            \n        \n        <\/ul>\n    \n    <\/div>\n    \n<\/div>\n\n\n\n\t\t\t\t<\/div>\n\t\t\t\t<\/div>\n\t\t\t\t<div class=\"elementor-element elementor-element-e8a76e3 elementor-widget elementor-widget-naylateamperson\" data-id=\"e8a76e3\" data-element_type=\"widget\" data-widget_type=\"naylateamperson.default\">\n\t\t\t\t<div class=\"elementor-widget-container\">\n\t\t\t\t\t\n<div class=\"nayla-team-member\">\n    \n    <div class=\"team-member-image\">\n    \n        \n        <img style='height: auto' alt='team-member-image' src='https:\/\/yasyt.com\/wp-content\/uploads\/2025\/10\/WhatsApp-Image-2025-10-08-at-12.40.46-e1760350043159.jpeg'>        \n    <\/div>\n    \n    <div class=\"team-member-card\">\n    \n        \n        <h6 class=\"team-member-name\"> SERGI UBACH <\/h6>\n        \n        <p class=\"team-member-title\"> Front-end Developer <\/p>\n        \n        <p class=\"team-member-cv\"> Computer Engineer at la Salle University Ramon Llull. <\/p>\n    \n        \n    <\/div>\n    \n    <div class=\"team-member-socials\">\n        \n        <ul class=\"menu social-menu\">\n        \n            <li> <a href='Array'><\/a><\/li>            \n        \n        <\/ul>\n    \n    <\/div>\n    \n<\/div>\n\n\n\n\t\t\t\t<\/div>\n\t\t\t\t<\/div>\n\t\t\t\t<\/div>\n\t\t<div class=\"has-parallax elementor-element elementor-element-d080394 e-con-full wrapper-wide section-normal e-flex default e-con e-child\" data-parallax-speed=\"10\" data-parallax-direction=\"up\" data-start=\"-50\" data-end=\"50\" data-id=\"d080394\" data-element_type=\"container\" id=\"pinTarget\">\n\t\t\t\t<div class=\"elementor-element elementor-element-4af0a57 elementor-widget elementor-widget-naylateamperson\" data-id=\"4af0a57\" data-element_type=\"widget\" data-widget_type=\"naylateamperson.default\">\n\t\t\t\t<div class=\"elementor-widget-container\">\n\t\t\t\t\t\n<div class=\"nayla-team-member\">\n    \n    <div class=\"team-member-image\">\n    \n        \n        <img style='height: auto' alt='team-member-image' src='https:\/\/yasyt.com\/wp-content\/uploads\/2024\/02\/pere-barnola.png'>        \n    <\/div>\n    \n    <div class=\"team-member-card\">\n    \n        \n        <h6 class=\"team-member-name\"> PERE BARNOLA <\/h6>\n        \n        <p class=\"team-member-title\"> CTO - Founder <\/p>\n        \n        <p class=\"team-member-cv\"> Ingeniero multimedia en La Salle, Universidad Ramon Llull. Amplia experiencia en metodolog\u00edas \u00e1giles. CEO de Identitat y profesor en La Salle, Universidad Ramon Llull. <\/p>\n    \n        \n    <\/div>\n    \n    <div class=\"team-member-socials\">\n        \n        <ul class=\"menu social-menu\">\n        \n            <li> <a href='Array'><\/a><\/li>            \n        \n        <\/ul>\n    \n    <\/div>\n    \n<\/div>\n\n\n\n\t\t\t\t<\/div>\n\t\t\t\t<\/div>\n\t\t\t\t<div class=\"elementor-element elementor-element-e974330 elementor-widget elementor-widget-naylateamperson\" data-id=\"e974330\" data-element_type=\"widget\" data-widget_type=\"naylateamperson.default\">\n\t\t\t\t<div class=\"elementor-widget-container\">\n\t\t\t\t\t\n<div class=\"nayla-team-member\">\n    \n    <div class=\"team-member-image\">\n    \n        \n        <img style='height: auto' alt='team-member-image' src='https:\/\/yasyt.com\/wp-content\/uploads\/2024\/02\/all-640x640-144ppp_0008_Avatar_Victor.jpg.jpg'>        \n    <\/div>\n    \n    <div class=\"team-member-card\">\n    \n        \n        <h6 class=\"team-member-name\"> V\u00cdCTOR VALL\u00c9S <\/h6>\n        \n        <p class=\"team-member-title\"> Tech Led <\/p>\n        \n        <p class=\"team-member-cv\"> Computer Engineer at la Salle University Ramon Llull. <\/p>\n    \n        \n    <\/div>\n    \n    <div class=\"team-member-socials\">\n        \n        <ul class=\"menu social-menu\">\n        \n            <li> <a href='Array'><\/a><\/li>            \n        \n        <\/ul>\n    \n    <\/div>\n    \n<\/div>\n\n\n\n\t\t\t\t<\/div>\n\t\t\t\t<\/div>\n\t\t\t\t<div class=\"elementor-element elementor-element-7715015 elementor-widget elementor-widget-naylateamperson\" data-id=\"7715015\" data-element_type=\"widget\" data-widget_type=\"naylateamperson.default\">\n\t\t\t\t<div class=\"elementor-widget-container\">\n\t\t\t\t\t\n<div class=\"nayla-team-member\">\n    \n    <div class=\"team-member-image\">\n    \n        \n        <img style='height: auto' alt='team-member-image' src='https:\/\/yasyt.com\/wp-content\/uploads\/2025\/03\/20250226_153409-e1742721646159.jpg'>        \n    <\/div>\n    \n    <div class=\"team-member-card\">\n    \n        \n        <h6 class=\"team-member-name\"> ROSA MOLINOS  <\/h6>\n        \n        <p class=\"team-member-title\"> Office Manager  <\/p>\n        \n        <p class=\"team-member-cv\">  <\/p>\n    \n        \n    <\/div>\n    \n    <div class=\"team-member-socials\">\n        \n        <ul class=\"menu social-menu\">\n        \n            <li> <a href='Array'><\/a><\/li>            \n        \n        <\/ul>\n    \n    <\/div>\n    \n<\/div>\n\n\n\n\t\t\t\t<\/div>\n\t\t\t\t<\/div>\n\t\t\t\t<div class=\"elementor-element elementor-element-be4edb4 elementor-widget elementor-widget-naylateamperson\" data-id=\"be4edb4\" data-element_type=\"widget\" data-widget_type=\"naylateamperson.default\">\n\t\t\t\t<div class=\"elementor-widget-container\">\n\t\t\t\t\t\n<div class=\"nayla-team-member\">\n    \n    <div class=\"team-member-image\">\n    \n        \n        <img style='height: auto' alt='team-member-image' src='https:\/\/yasyt.com\/wp-content\/uploads\/2025\/05\/WhatsApp-Image-2025-05-16-at-12.50.16-e1748429113870.jpeg'>        \n    <\/div>\n    \n    <div class=\"team-member-card\">\n    \n        \n        <h6 class=\"team-member-name\"> CINTA BARBA  <\/h6>\n        \n        <p class=\"team-member-title\"> Front-end Developer <\/p>\n        \n        <p class=\"team-member-cv\">  <\/p>\n    \n        \n    <\/div>\n    \n    <div class=\"team-member-socials\">\n        \n        <ul class=\"menu social-menu\">\n        \n            <li> <a href='Array'><\/a><\/li>            \n        \n        <\/ul>\n    \n    <\/div>\n    \n<\/div>\n\n\n\n\t\t\t\t<\/div>\n\t\t\t\t<\/div>\n\t\t\t\t<div class=\"elementor-element elementor-element-b6bbcd9 elementor-widget elementor-widget-naylateamperson\" data-id=\"b6bbcd9\" data-element_type=\"widget\" data-widget_type=\"naylateamperson.default\">\n\t\t\t\t<div class=\"elementor-widget-container\">\n\t\t\t\t\t\n<div class=\"nayla-team-member\">\n    \n    <div class=\"team-member-image\">\n    \n        \n        <img style='height: auto' alt='team-member-image' src='https:\/\/yasyt.com\/wp-content\/uploads\/2026\/04\/foto_equipo_david_800x800.jpg'>        \n    <\/div>\n    \n    <div class=\"team-member-card\">\n    \n        \n        <h6 class=\"team-member-name\"> DAVID SUSAGNA  <\/h6>\n        \n        <p class=\"team-member-title\"> Front-end Developer <\/p>\n        \n        <p class=\"team-member-cv\">  <\/p>\n    \n        \n    <\/div>\n    \n    <div class=\"team-member-socials\">\n        \n        <ul class=\"menu social-menu\">\n        \n            <li> <a href='Array'><\/a><\/li>            \n        \n        <\/ul>\n    \n    <\/div>\n    \n<\/div>\n\n\n\n\t\t\t\t<\/div>\n\t\t\t\t<\/div>\n\t\t\t\t<\/div>\n\t\t\t\t\t<\/div>\n\t\t\t\t<\/div>\n\t\t<div class=\"elementor-element elementor-element-ab4a90c wrapper-smaller section-normal e-flex e-con-boxed default e-con e-parent\" data-id=\"ab4a90c\" data-element_type=\"container\">\n\t\t\t\t\t<div class=\"e-con-inner\">\n\t\t<div class=\"elementor-element elementor-element-bf456a6 e-con-full wrapper-wide section-normal e-flex default e-con e-child\" data-id=\"bf456a6\" data-element_type=\"container\">\n\t\t\t\t<div class=\"elementor-element elementor-element-5746848 elementor-widget elementor-widget-naylatextwrapper\" data-id=\"5746848\" data-element_type=\"widget\" data-widget_type=\"naylatextwrapper.default\">\n\t\t\t\t<div class=\"elementor-widget-container\">\n\t\t\t\t\t\n\n\n<div class=\"text-wrapper  \">\n\n    <p class=\"has-anim-text linesMask  text-h4  false\" data-stagger=\"0.001\" data-duration=\"1.5\"data-delay=\"0\"data-scrub=\"\" data-pin=\"\"> \"Para m\u00ed, trabajar con el equipo de YASYT es un privilegio incomparable.\n<br\/><br\/>\nSus integrantes combinan juventud, entusiasmo y un profundo conocimiento, no solo en tecnolog\u00eda avanzada y experiencia de usuario, sino tambi\u00e9n en el sector de la salud y la asistencia.\n<br\/><br\/>\nEs realmente gratificante observar c\u00f3mo d\u00eda tras d\u00eda, adquieren m\u00e1s experiencia y avanzan en su compromiso con la excelencia, sin perder de vista ese toque humano que hace que nos sintamos parte de una empresa con alma.\"<\/p>\n\n\n<\/div>\n\n\n\t\t\t\t<\/div>\n\t\t\t\t<\/div>\n\t\t\t\t<div class=\"elementor-element elementor-element-3907a9a elementor-widget elementor-widget-naylatextwrapper\" data-id=\"3907a9a\" data-element_type=\"widget\" data-widget_type=\"naylatextwrapper.default\">\n\t\t\t\t<div class=\"elementor-widget-container\">\n\t\t\t\t\t\n\n\n<div class=\"text-wrapper  \">\n\n    <p class=\"has-anim-text linesMask  text-h6  false\" data-stagger=\"0.1\" data-duration=\"0.5\"data-delay=\"0\"data-scrub=\"\" data-pin=\"\"> JOSE LUIS INFIESTA<br>\nCEO & Founder<\/p>\n\n\n<\/div>\n\n\n\t\t\t\t<\/div>\n\t\t\t\t<\/div>\n\t\t\t\t<\/div>\n\t\t\t\t\t<\/div>\n\t\t\t\t<\/div>\n\t\t\t\t<\/div>\n\t\t","protected":false},"excerpt":{"rendered":"<p>Con talentos diversos y una pasi\u00f3n compartida por la excelencia. Nuestro Equipo Conoce a las personas que hacen esto posible JOSE LUIS INFIESTA CEO &#8211; Founder Ingeniero de telecomunicaciones y [&hellip;]<\/p>\n","protected":false},"author":1,"featured_media":0,"parent":0,"menu_order":0,"comment_status":"closed","ping_status":"closed","template":"","meta":{"_acf_changed":false,"content-type":"","footnotes":""},"class_list":["post-13546","page","type-page","status-publish","hentry"],"acf":[],"aioseo_notices":[],"_links":{"self":[{"href":"https:\/\/yasyt.com\/ca\/wp-json\/wp\/v2\/pages\/13546","targetHints":{"allow":["GET"]}}],"collection":[{"href":"https:\/\/yasyt.com\/ca\/wp-json\/wp\/v2\/pages"}],"about":[{"href":"https:\/\/yasyt.com\/ca\/wp-json\/wp\/v2\/types\/page"}],"author":[{"embeddable":true,"href":"https:\/\/yasyt.com\/ca\/wp-json\/wp\/v2\/users\/1"}],"replies":[{"embeddable":true,"href":"https:\/\/yasyt.com\/ca\/wp-json\/wp\/v2\/comments?post=13546"}],"version-history":[{"count":10,"href":"https:\/\/yasyt.com\/ca\/wp-json\/wp\/v2\/pages\/13546\/revisions"}],"predecessor-version":[{"id":19602,"href":"https:\/\/yasyt.com\/ca\/wp-json\/wp\/v2\/pages\/13546\/revisions\/19602"}],"wp:attachment":[{"href":"https:\/\/yasyt.com\/ca\/wp-json\/wp\/v2\/media?parent=13546"}],"curies":[{"name":"wp","href":"https:\/\/api.w.org\/{rel}","templated":true}]}}