{"id":18344,"date":"2025-01-30T14:15:17","date_gmt":"2025-01-30T14:15:17","guid":{"rendered":"https:\/\/yasyt.com\/?page_id=18344"},"modified":"2025-02-10T11:48:37","modified_gmt":"2025-02-10T11:48:37","slug":"contacte-2","status":"publish","type":"page","link":"https:\/\/yasyt.com\/ca\/contacte-2","title":{"rendered":"Asisteix a un demo day"},"content":{"rendered":"\t\t<div data-elementor-type=\"wp-page\" data-elementor-id=\"18344\" class=\"elementor elementor-18344 elementor-18343\" data-elementor-post-type=\"page\">\n\t\t\t\t<div class=\"elementor-element elementor-element-874508b wrapper-wide section-normal e-flex e-con-boxed default e-con e-parent\" data-id=\"874508b\" data-element_type=\"container\">\n\t\t\t\t\t<div class=\"e-con-inner\">\n\t\t<div class=\"elementor-element elementor-element-d87025f e-con-full wrapper-wide section-normal e-flex default e-con e-child\" data-id=\"d87025f\" data-element_type=\"container\">\n\t\t\t\t<div class=\"elementor-element elementor-element-f689c15 elementor-widget elementor-widget-naylaheading\" data-id=\"f689c15\" data-element_type=\"widget\" data-widget_type=\"naylaheading.default\">\n\t\t\t\t<div class=\"elementor-widget-container\">\n\t\t\t\t\t\n<div class=\"text-wrapper\">\n\n\n    <h2  class=\" has-anim-text charsUp   false\" data-stagger=\"0.1\" data-duration=\"1.5\"data-delay=\"0\"data-scrub=\"false\" data-pin=\"false\">\n        \n                \n        ASISTE A UN DEMO DAY<\/h2>\n\n\n<\/div>\n\n\n\t\t\t\t<\/div>\n\t\t\t\t<\/div>\n\t\t\t\t<div class=\"elementor-element elementor-element-8db4874 elementor-widget elementor-widget-naylaheading\" data-id=\"8db4874\" data-element_type=\"widget\" data-widget_type=\"naylaheading.default\">\n\t\t\t\t<div class=\"elementor-widget-container\">\n\t\t\t\t\t\n<div class=\"text-wrapper\">\n\n\n    <h1  class=\" has-anim-text linesUp   false\" data-stagger=\"0.1\" data-duration=\"1.5\"data-delay=\"0\"data-scrub=\"false\" data-pin=\"false\">\n        \n                \n        En YASYT, una vez al mes, realizamos sesiones de demostraci\u00f3n de nuestros productos, para empresas interesadas en conocer c\u00f3mo aplicamos la tecnolog\u00eda en el mundo de la salud, asistencial y del bienestar de las personas.\n\n\u00bfTe gustar\u00eda asistir a un Demo day?<\/h1>\n\n\n<\/div>\n\n\n\t\t\t\t<\/div>\n\t\t\t\t<\/div>\n\t\t\t\t<\/div>\n\t\t<div class=\"has-anim fadeIn elementor-element elementor-element-51a1f65 e-con-full wrapper-wide section-normal e-flex default e-con e-child\" data-duration=\"1\" data-delay=\"0.3\" data-scrub=\"false\" data-pin=\"false\" data-out=\"false\" data-start=\"1.5\" data-origin=\"top center\" data-id=\"51a1f65\" data-element_type=\"container\">\n\t\t\t\t<div class=\"elementor-element elementor-element-3a85dbc elementor-widget elementor-widget-shortcode\" data-id=\"3a85dbc\" data-element_type=\"widget\" data-widget_type=\"shortcode.default\">\n\t\t\t\t<div class=\"elementor-widget-container\">\n\t\t\t\t\t\t\t<div class=\"elementor-shortcode\">\n<div class=\"wpcf7 no-js\" id=\"wpcf7-f13815-o1\" lang=\"ca\" dir=\"ltr\" data-wpcf7-id=\"13815\">\n<div class=\"screen-reader-response\"><p role=\"status\" aria-live=\"polite\" aria-atomic=\"true\"><\/p> <ul><\/ul><\/div>\n<form action=\"\/ca\/wp-json\/wp\/v2\/pages\/18344#wpcf7-f13815-o1\" method=\"post\" class=\"wpcf7-form init\" aria-label=\"Formulari de contacte\" novalidate=\"novalidate\" data-status=\"init\">\n<div style=\"display: none;\">\n<input type=\"hidden\" name=\"_wpcf7\" value=\"13815\" \/>\n<input type=\"hidden\" name=\"_wpcf7_version\" value=\"6.0.4\" \/>\n<input type=\"hidden\" name=\"_wpcf7_locale\" value=\"ca\" \/>\n<input type=\"hidden\" name=\"_wpcf7_unit_tag\" value=\"wpcf7-f13815-o1\" \/>\n<input type=\"hidden\" name=\"_wpcf7_container_post\" value=\"0\" \/>\n<input type=\"hidden\" name=\"_wpcf7_posted_data_hash\" value=\"\" \/>\n<\/div>\n<!-- Form Field -->\n<div class=\"field-wrap half-wrap\">\n\t<p><label><br \/>\nCOMPANYIA<br \/>\n<\/label><br \/>\n<input type=\"text\" required autocomplete=\"off\" pattern=\"d{4,4}\" \/>\n\t<\/p>\n<\/div>\n <!--\/ Form Field -->\n\n <!-- Form Field -->\n<div class=\"field-wrap half-wrap\">\n\t<p><label><br \/>\nNOM<br \/>\n<\/label><br \/>\n<input type=\"text\" required autocomplete=\"off\" \/>\n\t<\/p>\n<\/div>\n <!--\/ Form Field -->\n\n <!-- Form Field -->\n<div class=\"field-wrap half-wrap\">\n\t<p><label><br \/>\nTEL\u00c8FON<br \/>\n<\/label><br \/>\n<input type=\"tel\" required autocomplete=\"off\" \/>\n\t<\/p>\n<\/div>\n <!--\/ Form Field-->\n\n <!-- Form Field -->\n<div class=\"field-wrap half-wrap\">\n\t<p><label><br \/>\nE-MAIL<br \/>\n<\/label><br \/>\n<input type=\"email\" required autocomplete=\"off\" \/>\n\t<\/p>\n<\/div>\n <!--\/ Form Field-->\n\n <!-- Form Field -->\n<div class=\"field-wrap\">\n\t<p><label><br \/>\nASSUMPTE<br \/>\n<\/label><br \/>\n<input type=\"text\" required autocomplete=\"off\" \/>\n\t<\/p>\n<\/div>\n <!--\/ Form Field -->\n\n <!-- Form Field (Textarea)-->\n<div class=\"message-wrap\">\n\t<p><label><br \/>\nMISSATGE<br \/>\n<\/label><br \/>\n<textarea rows=\"8\"><\/textarea>\n\t<\/p>\n<\/div>\n <!--\/ Form Field (Textarea)-->\n\n <!-- Button -->\n<div class=\"send-wrap\">\n\t<p><button type=\"submit\" class=\"button button-block\">ENVIAR<\/button>\n\t<\/p>\n<\/div>\n <!--\/ Button --><div class=\"wpcf7-response-output\" aria-hidden=\"true\"><\/div>\n<\/form>\n<\/div>\n<\/div>\n\t\t\t\t\t\t<\/div>\n\t\t\t\t<\/div>\n\t\t\t\t<\/div>\n\t\t\t\t\t<\/div>\n\t\t\t\t<\/div>\n\t\t\t\t<\/div>\n\t\t","protected":false},"excerpt":{"rendered":"<p>ASISTE A UN DEMO DAY En YASYT, una vez al mes, realizamos sesiones de demostraci\u00f3n de nuestros productos, para empresas interesadas en conocer c\u00f3mo aplicamos la tecnolog\u00eda en el mundo [&hellip;]<\/p>\n","protected":false},"author":3,"featured_media":0,"parent":0,"menu_order":0,"comment_status":"closed","ping_status":"closed","template":"","meta":{"_acf_changed":false,"content-type":"","footnotes":""},"class_list":["post-18344","page","type-page","status-publish","hentry"],"acf":[],"aioseo_notices":[],"_links":{"self":[{"href":"https:\/\/yasyt.com\/ca\/wp-json\/wp\/v2\/pages\/18344","targetHints":{"allow":["GET"]}}],"collection":[{"href":"https:\/\/yasyt.com\/ca\/wp-json\/wp\/v2\/pages"}],"about":[{"href":"https:\/\/yasyt.com\/ca\/wp-json\/wp\/v2\/types\/page"}],"author":[{"embeddable":true,"href":"https:\/\/yasyt.com\/ca\/wp-json\/wp\/v2\/users\/3"}],"replies":[{"embeddable":true,"href":"https:\/\/yasyt.com\/ca\/wp-json\/wp\/v2\/comments?post=18344"}],"version-history":[{"count":5,"href":"https:\/\/yasyt.com\/ca\/wp-json\/wp\/v2\/pages\/18344\/revisions"}],"predecessor-version":[{"id":18497,"href":"https:\/\/yasyt.com\/ca\/wp-json\/wp\/v2\/pages\/18344\/revisions\/18497"}],"wp:attachment":[{"href":"https:\/\/yasyt.com\/ca\/wp-json\/wp\/v2\/media?parent=18344"}],"curies":[{"name":"wp","href":"https:\/\/api.w.org\/{rel}","templated":true}]}}