{"id":18480,"date":"2024-11-21T12:29:10","date_gmt":"2024-11-21T12:29:10","guid":{"rendered":"https:\/\/yasyt.com\/on-actuem"},"modified":"2025-02-10T10:46:15","modified_gmt":"2025-02-10T10:46:15","slug":"on-actuem","status":"publish","type":"page","link":"https:\/\/yasyt.com\/ca\/on-actuem","title":{"rendered":"On actuem?"},"content":{"rendered":"\t\t<div data-elementor-type=\"wp-page\" data-elementor-id=\"18480\" class=\"elementor elementor-18480\" data-elementor-post-type=\"page\">\n\t\t\t\t<div class=\"elementor-element elementor-element-948e107 wrapper-wide section-normal e-flex e-con-boxed default e-con e-parent\" data-id=\"948e107\" data-element_type=\"container\">\n\t\t\t\t\t<div class=\"e-con-inner\">\n\t\t<div class=\"elementor-element elementor-element-b0fe08d e-con-full wrapper-wide section-normal e-flex default e-con e-child\" data-id=\"b0fe08d\" data-element_type=\"container\">\n\t\t<div class=\"elementor-element elementor-element-790c60b e-con-full wrapper-wide section-normal e-flex default e-con e-child\" data-id=\"790c60b\" data-element_type=\"container\">\n\t\t<div class=\"elementor-element elementor-element-f613587 e-con-full elementor-hidden-mobile wrapper-wide section-normal e-flex default e-con e-child\" data-id=\"f613587\" data-element_type=\"container\">\n\t\t\t\t<\/div>\n\t\t<div class=\"elementor-element elementor-element-35fbe51 e-con-full wrapper-wide section-normal e-flex default e-con e-child\" data-id=\"35fbe51\" data-element_type=\"container\">\n\t\t\t\t<div class=\"elementor-element elementor-element-ce62444 elementor-widget__width-initial elementor-widget elementor-widget-naylatextwrapper\" data-id=\"ce62444\" data-element_type=\"widget\" data-widget_type=\"naylatextwrapper.default\">\n\t\t\t\t<div class=\"elementor-widget-container\">\n\t\t\t\t\t\n\n\n<div class=\"text-wrapper  \">\n\n    <p class=\"has-anim-text wordsUp  text-h1  false\" data-stagger=\"0.05\" data-duration=\"1.5\"data-delay=\"0\"data-scrub=\"\" data-pin=\"false\"> \u00bfD\u00f3nde actuamos?<\/p>\n\n\n<\/div>\n\n\n\t\t\t\t<\/div>\n\t\t\t\t<\/div>\n\t\t\t\t<div class=\"elementor-element elementor-element-3c6e0b8 elementor-widget elementor-widget-naylatextwrapper\" data-id=\"3c6e0b8\" data-element_type=\"widget\" data-widget_type=\"naylatextwrapper.default\">\n\t\t\t\t<div class=\"elementor-widget-container\">\n\t\t\t\t\t\n\n\n<div class=\"text-wrapper  \">\n\n    <p class=\"has-anim-text wordsUp  text-h4  false\" data-stagger=\"0.05\" data-duration=\"1.5\"data-delay=\"0\"data-scrub=\"\" data-pin=\"false\"> Sectores de Salud, Bienestar y Servicios asistenciales.<\/p>\n\n\n<\/div>\n\n\n\t\t\t\t<\/div>\n\t\t\t\t<\/div>\n\t\t\t\t<\/div>\n\t\t<div class=\"elementor-element elementor-element-1a44b16 e-con-full wrapper-wide section-normal e-flex default e-con e-child\" data-id=\"1a44b16\" data-element_type=\"container\">\n\t\t\t\t<div class=\"elementor-element elementor-element-16cd6b6 elementor-widget__width-initial elementor-widget-tablet__width-initial elementor-widget elementor-widget-naylasingleimage\" data-id=\"16cd6b6\" data-element_type=\"widget\" data-widget_type=\"naylasingleimage.default\">\n\t\t\t\t<div class=\"elementor-widget-container\">\n\t\t\t\t\t\n\t\t<a href=\"#dispositivo\" target=\"_blank\" rel=\"nofollow\">\n    \n        \n    \n<div class=\"single-image align-left  has-anim-image slideUp  cursor-default  \" data-duration=1.5 data-delay=\"0\" data-scrub=\"\" data-pin=\"false\" data-block-color=\"\" data-anim-out=\"\" data-image-scale=\"true\" >\n\n\n    <img decoding=\"async\" src=\"https:\/\/yasyt.com\/wp-content\/uploads\/2024\/02\/Enfermera-foto-web-AYDANA.webp\">\n    \n    \n\n<\/div>\n            \n            \n<\/a>\n\n\t\t\t\t<\/div>\n\t\t\t\t<\/div>\n\t\t\t\t<\/div>\n\t\t\t\t<\/div>\n\t\t\t\t<\/div>\n\t\t\t\t\t<\/div>\n\t\t\t\t<\/div>\n\t\t<div class=\"elementor-element elementor-element-b5f0930 wrapper-wide section-normal e-flex e-con-boxed default e-con e-parent\" data-id=\"b5f0930\" data-element_type=\"container\">\n\t\t\t\t\t<div class=\"e-con-inner\">\n\t\t<div class=\"elementor-element elementor-element-7a99b5c e-con-full wrapper-wide section-normal e-flex default e-con e-child\" data-id=\"7a99b5c\" data-element_type=\"container\">\n\t\t<div class=\"elementor-element elementor-element-fb857e6 elementor-hidden-tablet elementor-hidden-mobile e-con-full wrapper-wide section-normal e-flex default e-con e-child\" data-id=\"fb857e6\" data-element_type=\"container\">\n\t\t<div class=\"has-parallax elementor-element elementor-element-367ac5e e-con-full wrapper-wide section-normal e-flex default e-con e-child\" data-parallax-speed=\"10\" data-parallax-direction=\"horizontal\" data-start=\"-50\" data-end=\"-10\" data-id=\"367ac5e\" data-element_type=\"container\">\n\t\t\t\t<\/div>\n\t\t<div class=\"has-parallax elementor-element elementor-element-240f574 e-con-full wrapper-wide section-normal e-flex default e-con e-child\" data-parallax-speed=\"10\" data-parallax-direction=\"horizontal\" data-start=\"-20\" data-end=\"50\" data-id=\"240f574\" data-element_type=\"container\">\n\t\t\t\t<div class=\"elementor-element elementor-element-2a23209 elementor-widget elementor-widget-naylasingleimage\" data-id=\"2a23209\" data-element_type=\"widget\" data-widget_type=\"naylasingleimage.default\">\n\t\t\t\t<div class=\"elementor-widget-container\">\n\t\t\t\t\t\n\t\t<a href=\"#dispositivo1\" target=\"_blank\" rel=\"nofollow\">\n    \n        \n    \n<div class=\"single-image align-left    cursor-default  \" data-duration=0.5 data-delay=\"0\" data-scrub=\"false\" data-pin=\"false\" data-block-color=\"\" data-anim-out=\"\" data-image-scale=\"false\" >\n\n\n    <img decoding=\"async\" src=\"https:\/\/yasyt.com\/wp-content\/uploads\/2024\/03\/Foto-pagina-2.jpg\">\n    \n    \n\n<\/div>\n            \n            \n<\/a>\n\n\t\t\t\t<\/div>\n\t\t\t\t<\/div>\n\t\t\t\t<\/div>\n\t\t<div class=\"has-parallax elementor-element elementor-element-5bde55e e-con-full wrapper-wide section-normal e-flex default e-con e-child\" data-parallax-speed=\"10\" data-parallax-direction=\"horizontal\" data-start=\"90\" data-end=\"0\" data-id=\"5bde55e\" data-element_type=\"container\">\n\t\t\t\t<div class=\"elementor-element elementor-element-7228f50 elementor-widget elementor-widget-naylasingleimage\" data-id=\"7228f50\" data-element_type=\"widget\" data-widget_type=\"naylasingleimage.default\">\n\t\t\t\t<div class=\"elementor-widget-container\">\n\t\t\t\t\t\n\t\t<a href=\"https:\/\/naylawp.pethemes.com\/home-shop\/\" target=\"_blank\" rel=\"nofollow\">\n    \n        \n    \n<div class=\"single-image align-left    cursor-default  \" data-duration=0.5 data-delay=\"0\" data-scrub=\"false\" data-pin=\"false\" data-block-color=\"\" data-anim-out=\"\" data-image-scale=\"false\" >\n\n\n    <img decoding=\"async\" src=\"https:\/\/yasyt.com\/wp-content\/uploads\/2024\/05\/aydomo2-e1716831951854.jpeg\">\n    \n    \n\n<\/div>\n            \n            \n<\/a>\n\n\t\t\t\t<\/div>\n\t\t\t\t<\/div>\n\t\t\t\t<\/div>\n\t\t\t\t<\/div>\n\t\t\t\t<\/div>\n\t\t\t\t\t<\/div>\n\t\t\t\t<\/div>\n\t\t<div class=\"elementor-element elementor-element-3e6eabc wrapper-wide section-normal e-flex e-con-boxed default e-con e-parent\" data-id=\"3e6eabc\" data-element_type=\"container\">\n\t\t\t\t\t<div class=\"e-con-inner\">\n\t\t\t\t<div class=\"elementor-element elementor-element-3975d25 elementor-widget__width-inherit elementor-widget elementor-widget-naylatextwrapper\" data-id=\"3975d25\" data-element_type=\"widget\" data-widget_type=\"naylatextwrapper.default\">\n\t\t\t\t<div class=\"elementor-widget-container\">\n\t\t\t\t\t\n\n\n<div class=\"text-wrapper  \">\n\n    <p class=\"  text-h2  false\" data-stagger=\"0.1\" data-duration=\"1.5\"data-delay=\"0\"data-scrub=\"false\" data-pin=\"false\"> Nuestra plataforma da servicio en estos cuatro entornos generales:<\/p>\n\n\n<\/div>\n\n\n\t\t\t\t<\/div>\n\t\t\t\t<\/div>\n\t\t<div class=\"elementor-element elementor-element-dd67172 e-con-full wrapper-wide section-normal e-flex default e-con e-child\" data-id=\"dd67172\" data-element_type=\"container\">\n\t\t<div class=\"elementor-element elementor-element-818dd5d e-con-full wrapper-wide section-normal e-flex default e-con e-child\" data-id=\"818dd5d\" data-element_type=\"container\">\n\t\t\t\t<div class=\"elementor-element elementor-element-69cfb04 elementor-widget elementor-widget-image\" data-id=\"69cfb04\" data-element_type=\"widget\" data-widget_type=\"image.default\">\n\t\t\t\t<div class=\"elementor-widget-container\">\n\t\t\t\t\t\t\t\t\t\t\t\t\t\t\t<img fetchpriority=\"high\" decoding=\"async\" width=\"889\" height=\"667\" src=\"https:\/\/yasyt.com\/wp-content\/uploads\/2024\/11\/Hospitales.webp\" class=\"attachment-full size-full wp-image-16734\" alt=\"Enfermera y paciente\" srcset=\"https:\/\/yasyt.com\/wp-content\/uploads\/2024\/11\/Hospitales.webp 889w, https:\/\/yasyt.com\/wp-content\/uploads\/2024\/11\/Hospitales-300x225.webp 300w, https:\/\/yasyt.com\/wp-content\/uploads\/2024\/11\/Hospitales-768x576.webp 768w\" sizes=\"(max-width: 889px) 100vw, 889px\" \/>\t\t\t\t\t\t\t\t\t\t\t\t\t\t\t<\/div>\n\t\t\t\t<\/div>\n\t\t\t\t<div class=\"elementor-element elementor-element-f726bda elementor-widget elementor-widget-heading\" data-id=\"f726bda\" data-element_type=\"widget\" data-widget_type=\"heading.default\">\n\t\t\t\t<div class=\"elementor-widget-container\">\n\t\t\t\t\t<h3 class=\"elementor-heading-title elementor-size-default\">Hospitals<\/h3>\t\t\t\t<\/div>\n\t\t\t\t<\/div>\n\t\t\t\t<div class=\"elementor-element elementor-element-ebdfe01 elementor-widget elementor-widget-text-editor\" data-id=\"ebdfe01\" data-element_type=\"widget\" data-widget_type=\"text-editor.default\">\n\t\t\t\t<div class=\"elementor-widget-container\">\n\t\t\t\t\t\t\t\t\t<p>Serveis d&#8217; informaci\u00f3, formaci\u00f3, acompanyament i entreteniment a persones ingressades en hospitals.<\/p>\n<p style=\"text-align: center;\"><b>Apoderament al personal de planta.<\/b><\/p>\n\t\t\t\t\t\t\t\t<\/div>\n\t\t\t\t<\/div>\n\t\t\t\t<\/div>\n\t\t\t\t<div class=\"elementor-element elementor-element-3d92578 elementor-widget elementor-widget-naylabutton\" data-id=\"3d92578\" data-element_type=\"widget\" data-widget_type=\"naylabutton.default\">\n\t\t\t\t<div class=\"elementor-widget-container\">\n\t\t\t\t\t\n\n<!--  Button -->\n<div class=\"nayla-button outline icon-right  cursor-default\" >\n\n    <span class=\"left-icon\"><i aria-hidden=\"true\" class=\"material-icons md-arrow_outward\" data-md-icon=\"arrow_outward\"><\/i><\/span>\n\n    <a target=\"_self\" href=\"https:\/\/yasyt.com\/hospitales\">\u00bfQu\u00e9 necesidades cubrimos?<\/a>\n\n    <span class=\"right-icon\"><i aria-hidden=\"true\" class=\"material-icons md-arrow_outward\" data-md-icon=\"arrow_outward\"><\/i><\/span>\n\n<\/div>\n<!--\/ Button -->\n\n\n\t\t\t\t<\/div>\n\t\t\t\t<\/div>\n\t\t\t\t<\/div>\n\t\t<div class=\"elementor-element elementor-element-d477892 e-con-full wrapper-wide section-normal e-flex default e-con e-child\" data-id=\"d477892\" data-element_type=\"container\">\n\t\t<div class=\"elementor-element elementor-element-1af144e e-con-full wrapper-wide section-normal e-flex default e-con e-child\" data-id=\"1af144e\" data-element_type=\"container\">\n\t\t\t\t<div class=\"elementor-element elementor-element-edbf5f2 elementor-widget elementor-widget-image\" data-id=\"edbf5f2\" data-element_type=\"widget\" data-widget_type=\"image.default\">\n\t\t\t\t<div class=\"elementor-widget-container\">\n\t\t\t\t\t\t\t\t\t\t\t\t\t\t\t<img decoding=\"async\" width=\"1456\" height=\"816\" src=\"https:\/\/yasyt.com\/wp-content\/uploads\/2024\/05\/aydomo1.jpeg\" class=\"attachment-full size-full wp-image-14721\" alt=\"\" srcset=\"https:\/\/yasyt.com\/wp-content\/uploads\/2024\/05\/aydomo1.jpeg 1456w, https:\/\/yasyt.com\/wp-content\/uploads\/2024\/05\/aydomo1-300x168.jpeg 300w, https:\/\/yasyt.com\/wp-content\/uploads\/2024\/05\/aydomo1-1024x574.jpeg 1024w, https:\/\/yasyt.com\/wp-content\/uploads\/2024\/05\/aydomo1-768x430.jpeg 768w\" sizes=\"(max-width: 1456px) 100vw, 1456px\" \/>\t\t\t\t\t\t\t\t\t\t\t\t\t\t\t<\/div>\n\t\t\t\t<\/div>\n\t\t\t\t<div class=\"elementor-element elementor-element-09560a6 elementor-widget elementor-widget-heading\" data-id=\"09560a6\" data-element_type=\"widget\" data-widget_type=\"heading.default\">\n\t\t\t\t<div class=\"elementor-widget-container\">\n\t\t\t\t\t<h3 class=\"elementor-heading-title elementor-size-default\">Llars<\/h3>\t\t\t\t<\/div>\n\t\t\t\t<\/div>\n\t\t\t\t<div class=\"elementor-element elementor-element-591d917 elementor-widget elementor-widget-text-editor\" data-id=\"591d917\" data-element_type=\"widget\" data-widget_type=\"text-editor.default\">\n\t\t\t\t<div class=\"elementor-widget-container\">\n\t\t\t\t\t\t\t\t\t<p>Serveis per millorar la qualitat de vida de les persones grans a les seves llars, en aspectes de seguretat, salut, entreteniment i socialitzaci\u00f3.<\/p>\n<p style=\"text-align: center;\"><b>Apoderament de familiars i cuidadors.<\/b><\/p>\n\t\t\t\t\t\t\t\t<\/div>\n\t\t\t\t<\/div>\n\t\t\t\t<\/div>\n\t\t\t\t<div class=\"elementor-element elementor-element-2eb401a elementor-widget elementor-widget-naylabutton\" data-id=\"2eb401a\" data-element_type=\"widget\" data-widget_type=\"naylabutton.default\">\n\t\t\t\t<div class=\"elementor-widget-container\">\n\t\t\t\t\t\n\n<!--  Button -->\n<div class=\"nayla-button outline icon-right  cursor-default\" >\n\n    <span class=\"left-icon\"><i aria-hidden=\"true\" class=\"material-icons md-arrow_outward\" data-md-icon=\"arrow_outward\"><\/i><\/span>\n\n    <a target=\"_self\" href=\"https:\/\/yasyt.com\/hogar\">\u00bfQu\u00e9 necesidades cubrimos?<\/a>\n\n    <span class=\"right-icon\"><i aria-hidden=\"true\" class=\"material-icons md-arrow_outward\" data-md-icon=\"arrow_outward\"><\/i><\/span>\n\n<\/div>\n<!--\/ Button -->\n\n\n\t\t\t\t<\/div>\n\t\t\t\t<\/div>\n\t\t\t\t<\/div>\n\t\t<div class=\"elementor-element elementor-element-20e32d5 e-con-full wrapper-wide section-normal e-flex default e-con e-child\" data-id=\"20e32d5\" data-element_type=\"container\">\n\t\t<div class=\"elementor-element elementor-element-3809627 e-con-full wrapper-wide section-normal e-flex default e-con e-child\" data-id=\"3809627\" data-element_type=\"container\">\n\t\t\t\t<div class=\"elementor-element elementor-element-c6ca36f elementor-widget elementor-widget-image\" data-id=\"c6ca36f\" data-element_type=\"widget\" data-widget_type=\"image.default\">\n\t\t\t\t<div class=\"elementor-widget-container\">\n\t\t\t\t\t\t\t\t\t\t\t\t\t\t\t<img decoding=\"async\" width=\"1280\" height=\"635\" src=\"https:\/\/yasyt.com\/wp-content\/uploads\/2024\/02\/8039-e1708689010851.jpg\" class=\"attachment-full size-full wp-image-11837\" alt=\"\" srcset=\"https:\/\/yasyt.com\/wp-content\/uploads\/2024\/02\/8039-e1708689010851.jpg 1280w, https:\/\/yasyt.com\/wp-content\/uploads\/2024\/02\/8039-e1708689010851-300x149.jpg 300w, https:\/\/yasyt.com\/wp-content\/uploads\/2024\/02\/8039-e1708689010851-1024x508.jpg 1024w, https:\/\/yasyt.com\/wp-content\/uploads\/2024\/02\/8039-e1708689010851-768x381.jpg 768w\" sizes=\"(max-width: 1280px) 100vw, 1280px\" \/>\t\t\t\t\t\t\t\t\t\t\t\t\t\t\t<\/div>\n\t\t\t\t<\/div>\n\t\t\t\t<div class=\"elementor-element elementor-element-ea3ce61 elementor-widget elementor-widget-heading\" data-id=\"ea3ce61\" data-element_type=\"widget\" data-widget_type=\"heading.default\">\n\t\t\t\t<div class=\"elementor-widget-container\">\n\t\t\t\t\t<h3 class=\"elementor-heading-title elementor-size-default\">Resid\u00e8ncies<\/h3>\t\t\t\t<\/div>\n\t\t\t\t<\/div>\n\t\t\t\t<div class=\"elementor-element elementor-element-dff14fe elementor-widget elementor-widget-text-editor\" data-id=\"dff14fe\" data-element_type=\"widget\" data-widget_type=\"text-editor.default\">\n\t\t\t\t<div class=\"elementor-widget-container\">\n\t\t\t\t\t\t\t\t\t<p>Serveis d&#8217;estimulaci\u00f3 f\u00edsica i cognitiva, socialitzaci\u00f3 i relaci\u00f3 per a persones ingressades en Centres Residencials.<\/p>\n<p><b>Apoderament dels professionals que en tenen cura.<\/b><\/p>\n\t\t\t\t\t\t\t\t<\/div>\n\t\t\t\t<\/div>\n\t\t\t\t<\/div>\n\t\t\t\t<div class=\"elementor-element elementor-element-63b88b6 elementor-widget elementor-widget-naylabutton\" data-id=\"63b88b6\" data-element_type=\"widget\" data-widget_type=\"naylabutton.default\">\n\t\t\t\t<div class=\"elementor-widget-container\">\n\t\t\t\t\t\n\n<!--  Button -->\n<div class=\"nayla-button outline icon-right  cursor-default\" >\n\n    <span class=\"left-icon\"><i aria-hidden=\"true\" class=\"material-icons md-arrow_outward\" data-md-icon=\"arrow_outward\"><\/i><\/span>\n\n    <a target=\"_self\" href=\"https:\/\/yasyt.com\/residencias\">\u00bfQu\u00e9 necesidades cubrimos?<\/a>\n\n    <span class=\"right-icon\"><i aria-hidden=\"true\" class=\"material-icons md-arrow_outward\" data-md-icon=\"arrow_outward\"><\/i><\/span>\n\n<\/div>\n<!--\/ Button -->\n\n\n\t\t\t\t<\/div>\n\t\t\t\t<\/div>\n\t\t\t\t<\/div>\n\t\t<div class=\"elementor-element elementor-element-b6d2f4f e-con-full wrapper-wide section-normal e-flex default e-con e-child\" data-id=\"b6d2f4f\" data-element_type=\"container\">\n\t\t<div class=\"elementor-element elementor-element-4dfb6f4 e-con-full wrapper-wide section-normal e-flex default e-con e-child\" data-id=\"4dfb6f4\" data-element_type=\"container\">\n\t\t\t\t<div class=\"elementor-element elementor-element-c5670d9 elementor-widget elementor-widget-image\" data-id=\"c5670d9\" data-element_type=\"widget\" data-widget_type=\"image.default\">\n\t\t\t\t<div class=\"elementor-widget-container\">\n\t\t\t\t\t\t\t\t\t\t\t\t\t\t\t<img loading=\"lazy\" decoding=\"async\" width=\"2000\" height=\"883\" src=\"https:\/\/yasyt.com\/wp-content\/uploads\/2024\/02\/A-Senior-Woman-Reading-a-Book-Free-Stock-Photo-by-Everypixel-e1708688455927.jpg\" class=\"attachment-full size-full wp-image-11823\" alt=\"\" srcset=\"https:\/\/yasyt.com\/wp-content\/uploads\/2024\/02\/A-Senior-Woman-Reading-a-Book-Free-Stock-Photo-by-Everypixel-e1708688455927.jpg 2000w, https:\/\/yasyt.com\/wp-content\/uploads\/2024\/02\/A-Senior-Woman-Reading-a-Book-Free-Stock-Photo-by-Everypixel-e1708688455927-300x132.jpg 300w, https:\/\/yasyt.com\/wp-content\/uploads\/2024\/02\/A-Senior-Woman-Reading-a-Book-Free-Stock-Photo-by-Everypixel-e1708688455927-1024x452.jpg 1024w, https:\/\/yasyt.com\/wp-content\/uploads\/2024\/02\/A-Senior-Woman-Reading-a-Book-Free-Stock-Photo-by-Everypixel-e1708688455927-768x339.jpg 768w, https:\/\/yasyt.com\/wp-content\/uploads\/2024\/02\/A-Senior-Woman-Reading-a-Book-Free-Stock-Photo-by-Everypixel-e1708688455927-1536x678.jpg 1536w\" sizes=\"(max-width: 2000px) 100vw, 2000px\" \/>\t\t\t\t\t\t\t\t\t\t\t\t\t\t\t<\/div>\n\t\t\t\t<\/div>\n\t\t\t\t<div class=\"elementor-element elementor-element-a792d1a elementor-widget elementor-widget-heading\" data-id=\"a792d1a\" data-element_type=\"widget\" data-widget_type=\"heading.default\">\n\t\t\t\t<div class=\"elementor-widget-container\">\n\t\t\t\t\t<h3 class=\"elementor-heading-title elementor-size-default\">Assegurances<\/h3>\t\t\t\t<\/div>\n\t\t\t\t<\/div>\n\t\t\t\t<div class=\"elementor-element elementor-element-7e7e103 elementor-widget elementor-widget-text-editor\" data-id=\"7e7e103\" data-element_type=\"widget\" data-widget_type=\"text-editor.default\">\n\t\t\t\t<div class=\"elementor-widget-container\">\n\t\t\t\t\t\t\t\t\t<p>Serveis d&#8217;informaci\u00f3, formaci\u00f3, acompanyament i comunicaci\u00f3 per a usuaris d&#8217;assegurances de salut.<\/p>\n<p><b>Apoderament dels professionals que els atenen.<\/b><\/p>\n\t\t\t\t\t\t\t\t<\/div>\n\t\t\t\t<\/div>\n\t\t\t\t<\/div>\n\t\t\t\t<div class=\"elementor-element elementor-element-985a500 elementor-widget elementor-widget-naylabutton\" data-id=\"985a500\" data-element_type=\"widget\" data-widget_type=\"naylabutton.default\">\n\t\t\t\t<div class=\"elementor-widget-container\">\n\t\t\t\t\t\n\n<!--  Button -->\n<div class=\"nayla-button outline icon-right  cursor-default\" >\n\n    <span class=\"left-icon\"><i aria-hidden=\"true\" class=\"material-icons md-arrow_outward\" data-md-icon=\"arrow_outward\"><\/i><\/span>\n\n    <a target=\"_self\" href=\"https:\/\/yasyt.com\/seguros-salud\">\u00bfQu\u00e9 necesidades cubrimos?<\/a>\n\n    <span class=\"right-icon\"><i aria-hidden=\"true\" class=\"material-icons md-arrow_outward\" data-md-icon=\"arrow_outward\"><\/i><\/span>\n\n<\/div>\n<!--\/ Button -->\n\n\n\t\t\t\t<\/div>\n\t\t\t\t<\/div>\n\t\t\t\t<\/div>\n\t\t\t\t\t<\/div>\n\t\t\t\t<\/div>\n\t\t\t\t<\/div>\n\t\t","protected":false},"excerpt":{"rendered":"<p>\u00bfD\u00f3nde actuamos? Sectores de Salud, Bienestar y Servicios asistenciales. Nuestra plataforma da servicio en estos cuatro entornos generales: Hospitals Serveis d&#8217; informaci\u00f3, formaci\u00f3, acompanyament i entreteniment a persones ingressades en [&hellip;]<\/p>\n","protected":false},"author":6,"featured_media":0,"parent":0,"menu_order":0,"comment_status":"closed","ping_status":"closed","template":"","meta":{"_acf_changed":false,"content-type":"","footnotes":""},"class_list":["post-18480","page","type-page","status-publish","hentry"],"acf":[],"aioseo_notices":[],"_links":{"self":[{"href":"https:\/\/yasyt.com\/ca\/wp-json\/wp\/v2\/pages\/18480","targetHints":{"allow":["GET"]}}],"collection":[{"href":"https:\/\/yasyt.com\/ca\/wp-json\/wp\/v2\/pages"}],"about":[{"href":"https:\/\/yasyt.com\/ca\/wp-json\/wp\/v2\/types\/page"}],"author":[{"embeddable":true,"href":"https:\/\/yasyt.com\/ca\/wp-json\/wp\/v2\/users\/6"}],"replies":[{"embeddable":true,"href":"https:\/\/yasyt.com\/ca\/wp-json\/wp\/v2\/comments?post=18480"}],"version-history":[{"count":3,"href":"https:\/\/yasyt.com\/ca\/wp-json\/wp\/v2\/pages\/18480\/revisions"}],"predecessor-version":[{"id":18483,"href":"https:\/\/yasyt.com\/ca\/wp-json\/wp\/v2\/pages\/18480\/revisions\/18483"}],"wp:attachment":[{"href":"https:\/\/yasyt.com\/ca\/wp-json\/wp\/v2\/media?parent=18480"}],"curies":[{"name":"wp","href":"https:\/\/api.w.org\/{rel}","templated":true}]}}