{"id":13541,"date":"2023-09-02T14:01:40","date_gmt":"2023-09-02T14:01:40","guid":{"rendered":"https:\/\/yasyt.com\/noticias"},"modified":"2026-02-26T09:43:17","modified_gmt":"2026-02-26T09:43:17","slug":"noticias","status":"publish","type":"page","link":"https:\/\/yasyt.com\/en\/noticias","title":{"rendered":"ACTUALIDAD"},"content":{"rendered":"\t\t<div data-elementor-type=\"wp-page\" data-elementor-id=\"13541\" class=\"elementor elementor-13541 elementor-8268\" data-elementor-post-type=\"page\">\n\t\t\t\t<div class=\"elementor-element elementor-element-8da778e wrapper-wide section-normal e-flex e-con-boxed default e-con e-parent\" data-id=\"8da778e\" data-element_type=\"container\">\n\t\t\t\t\t<div class=\"e-con-inner\">\n\t\t\t\t<div class=\"elementor-element elementor-element-c9d0439 elementor-widget elementor-widget-naylatextwrapper\" data-id=\"c9d0439\" data-element_type=\"widget\" data-widget_type=\"naylatextwrapper.default\">\n\t\t\t\t<div class=\"elementor-widget-container\">\n\t\t\t\t\t\n\n\n<div class=\"text-wrapper no-margin \">\n\n    <p class=\"has-anim-text charsUp  text-h1  false\" data-stagger=\"0.1\" data-duration=\"1.5\"data-delay=\"0\"data-scrub=\"false\" data-pin=\"false\"> Bienvenid@s al Blog de YASYT<\/p>\n\n\n<\/div>\n\n\n\t\t\t\t<\/div>\n\t\t\t\t<\/div>\n\t\t\t\t<div class=\"elementor-element elementor-element-ea3aaae elementor-widget elementor-widget-naylatextwrapper\" data-id=\"ea3aaae\" data-element_type=\"widget\" data-widget_type=\"naylatextwrapper.default\">\n\t\t\t\t<div class=\"elementor-widget-container\">\n\t\t\t\t\t\n\n\n<div class=\"text-wrapper  \">\n\n    <p class=\"has-anim-text wordsUp  text-h4  false\" data-stagger=\"0.02\" data-duration=\"1.5\"data-delay=\"0\"data-scrub=\"false\" data-pin=\"false\"> Bienvenidos al Blog de YASYT, un espacio donde compartimos las \u00faltimas noticias de nuestra empresa, as\u00ed como novedades del sector de las tecnolog\u00edas avanzadas.     Aqu\u00ed tambi\u00e9n encontrar\u00e1s enlaces a nuestras apariciones en prensa,  destacando los hitos m\u00e1s importantes de nuestro crecimiento y participaci\u00f3n en el sector. \u00a1Sigue leyendo para mantenerte al d\u00eda con todo lo que estamos logrando!\n\n\n\n\n\n\n<\/p>\n\n\n<\/div>\n\n\n\t\t\t\t<\/div>\n\t\t\t\t<\/div>\n\t\t\t\t\t<\/div>\n\t\t\t\t<\/div>\n\t\t<div class=\"elementor-element elementor-element-1308b6d wrapper-wide section-normal e-flex e-con-boxed default e-con e-parent\" data-id=\"1308b6d\" data-element_type=\"container\">\n\t\t\t\t\t<div class=\"e-con-inner\">\n\t\t\t\t<div class=\"elementor-element elementor-element-3d8af9b elementor-widget elementor-widget-naylatextwrapper\" data-id=\"3d8af9b\" data-element_type=\"widget\" data-widget_type=\"naylatextwrapper.default\">\n\t\t\t\t<div class=\"elementor-widget-container\">\n\t\t\t\t\t\n\n\n<div class=\"text-wrapper no-margin \">\n\n    <p class=\"has-anim-text charsUp  text-p  false\" data-stagger=\"0.1\" data-duration=\"1.5\"data-delay=\"0\"data-scrub=\"false\" data-pin=\"false\"> ART\u00cdCULO DESTACADO<\/p>\n\n\n<\/div>\n\n\n\t\t\t\t<\/div>\n\t\t\t\t<\/div>\n\t\t<div class=\"elementor-element elementor-element-b1a86ce e-con-full wrapper-wide section-normal e-flex default e-con e-child\" data-id=\"b1a86ce\" data-element_type=\"container\">\n\t\t\t\t<div class=\"elementor-element elementor-element-3fffc84 elementor-widget elementor-widget-naylasinglepost\" data-id=\"3fffc84\" data-element_type=\"widget\" data-widget_type=\"naylasinglepost.default\">\n\t\t\t\t<div class=\"elementor-widget-container\">\n\t\t\t\t\t\n\n\n\t\t\t\t<\/div>\n\t\t\t\t<\/div>\n\t\t\t\t<\/div>\n\t\t\t\t\t<\/div>\n\t\t\t\t<\/div>\n\t\t<div class=\"elementor-element elementor-element-f079e0b wrapper-wide section-normal e-flex e-con-boxed default e-con e-parent\" data-id=\"f079e0b\" data-element_type=\"container\">\n\t\t\t\t\t<div class=\"e-con-inner\">\n\t\t\t\t<div class=\"elementor-element elementor-element-2aa0620 elementor-widget elementor-widget-heading\" data-id=\"2aa0620\" data-element_type=\"widget\" data-widget_type=\"heading.default\">\n\t\t\t\t<div class=\"elementor-widget-container\">\n\t\t\t\t\t<h2 class=\"elementor-heading-title elementor-size-default\">Actualidad<\/h2>\t\t\t\t<\/div>\n\t\t\t\t<\/div>\n\t\t<div class=\"elementor-element elementor-element-5ed1bf0 e-con-full wrapper-wide section-normal e-flex default e-con e-child\" data-id=\"5ed1bf0\" data-element_type=\"container\">\n\t\t\t\t<\/div>\n\t\t\t\t\t<\/div>\n\t\t\t\t<\/div>\n\t\t<div class=\"elementor-element elementor-element-3cd3b4f elementor-hidden-desktop elementor-hidden-tablet elementor-hidden-mobile wrapper-wide section-normal e-flex e-con-boxed default e-con e-parent\" data-id=\"3cd3b4f\" data-element_type=\"container\">\n\t\t\t\t\t<div class=\"e-con-inner\">\n\t\t\t\t<div class=\"elementor-element elementor-element-b668445 elementor-widget elementor-widget-naylasinglepost\" data-id=\"b668445\" data-element_type=\"widget\" data-widget_type=\"naylasinglepost.default\">\n\t\t\t\t<div class=\"elementor-widget-container\">\n\t\t\t\t\t\n\n\n\t\t\t\t<\/div>\n\t\t\t\t<\/div>\n\t\t\t\t\t<\/div>\n\t\t\t\t<\/div>\n\t\t<div class=\"elementor-element elementor-element-9a3abc4 wrapper-wide section-normal e-flex e-con-boxed default e-con e-parent\" data-id=\"9a3abc4\" data-element_type=\"container\">\n\t\t\t\t\t<div class=\"e-con-inner\">\n\t\t\t\t<div class=\"elementor-element elementor-element-b4f060c elementor-widget elementor-widget-naylasinglepost\" data-id=\"b4f060c\" data-element_type=\"widget\" data-widget_type=\"naylasinglepost.default\">\n\t\t\t\t<div class=\"elementor-widget-container\">\n\t\t\t\t\t\n\n\n\t\t\t\t<\/div>\n\t\t\t\t<\/div>\n\t\t\t\t\t<\/div>\n\t\t\t\t<\/div>\n\t\t\t\t<\/div>\n\t\t","protected":false},"excerpt":{"rendered":"<p>Bienvenid@s al Blog de YASYT Bienvenidos al Blog de YASYT, un espacio donde compartimos las \u00faltimas noticias de nuestra empresa, as\u00ed como novedades del sector de las tecnolog\u00edas avanzadas. Aqu\u00ed [&hellip;]<\/p>\n","protected":false},"author":1,"featured_media":0,"parent":0,"menu_order":0,"comment_status":"closed","ping_status":"closed","template":"","meta":{"_acf_changed":false,"content-type":"","footnotes":""},"class_list":["post-13541","page","type-page","status-publish","hentry"],"acf":[],"aioseo_notices":[],"_links":{"self":[{"href":"https:\/\/yasyt.com\/en\/wp-json\/wp\/v2\/pages\/13541","targetHints":{"allow":["GET"]}}],"collection":[{"href":"https:\/\/yasyt.com\/en\/wp-json\/wp\/v2\/pages"}],"about":[{"href":"https:\/\/yasyt.com\/en\/wp-json\/wp\/v2\/types\/page"}],"author":[{"embeddable":true,"href":"https:\/\/yasyt.com\/en\/wp-json\/wp\/v2\/users\/1"}],"replies":[{"embeddable":true,"href":"https:\/\/yasyt.com\/en\/wp-json\/wp\/v2\/comments?post=13541"}],"version-history":[{"count":10,"href":"https:\/\/yasyt.com\/en\/wp-json\/wp\/v2\/pages\/13541\/revisions"}],"predecessor-version":[{"id":19558,"href":"https:\/\/yasyt.com\/en\/wp-json\/wp\/v2\/pages\/13541\/revisions\/19558"}],"wp:attachment":[{"href":"https:\/\/yasyt.com\/en\/wp-json\/wp\/v2\/media?parent=13541"}],"curies":[{"name":"wp","href":"https:\/\/api.w.org\/{rel}","templated":true}]}}