{"id":13934,"date":"2024-01-10T16:06:17","date_gmt":"2024-01-10T16:06:17","guid":{"rendered":"https:\/\/yasyt.com\/privacy-policy"},"modified":"2025-01-24T16:24:00","modified_gmt":"2025-01-24T16:24:00","slug":"politica-de-privacidad","status":"publish","type":"page","link":"https:\/\/yasyt.com\/en\/politica-de-privacidad","title":{"rendered":"Pol\u00edtica de Privacidad"},"content":{"rendered":"\t\t<div data-elementor-type=\"wp-page\" data-elementor-id=\"13934\" class=\"elementor elementor-13934 elementor-3\" data-elementor-post-type=\"page\">\n\t\t\t\t<div class=\"elementor-element elementor-element-4cc99285 wrapper-wide section-normal e-flex e-con-boxed default e-con e-parent\" data-id=\"4cc99285\" data-element_type=\"container\">\n\t\t\t\t\t<div class=\"e-con-inner\">\n\t\t\t\t<div class=\"elementor-element elementor-element-2a6ec52 elementor-widget elementor-widget-naylaheading\" data-id=\"2a6ec52\" data-element_type=\"widget\" data-widget_type=\"naylaheading.default\">\n\t\t\t\t<div class=\"elementor-widget-container\">\n\t\t\t\t\t\n<div class=\"text-wrapper\">\n\n\n    <h2  class=\" has-anim-text charsUp   false\" data-stagger=\"0.1\" data-duration=\"1.5\"data-delay=\"0\"data-scrub=\"false\" data-pin=\"false\">\n        \n                \n        POL\u00cdTICA DE PRIVACIDAD<\/h2>\n\n\n<\/div>\n\n\n\t\t\t\t<\/div>\n\t\t\t\t<\/div>\n\t\t\t\t<div class=\"elementor-element elementor-element-7de90980 elementor-widget elementor-widget-text-editor\" data-id=\"7de90980\" data-element_type=\"widget\" data-widget_type=\"text-editor.default\">\n\t\t\t\t<div class=\"elementor-widget-container\">\n\t\t\t\t\t\t\t\t\t\n<h3 id=\"responsable\">Responsable. \u00bfQui\u00e9n es el Responsable del tratamiento de sus datos?<\/h3>\n<p>Le informamos que YASYT ROBOTICS, S.L. (en adelante \u201cYasyt\u201d) es la titular de la web yasyt.com, con CIF B67269639 y domicilio en la P\u00ba. Bonanova, num. 94, bis, piso 1\u00ba 2\u00aa, 08017, Barcelona. Puede contactar por correo electr\u00f3nico a\u00a0<u><a href=\"mailto:%20hello@yasyt.com\">hello@yasyt.com<\/a><\/u>.<\/p>\n<h3>Legitimaci\u00f3n. \u00bfCu\u00e1l es la legitimaci\u00f3n para el tratamiento de sus datos?<\/h3>\n<p>La base legal para el tratamiento de sus datos est\u00e1 basada en el consentimiento que se le solicitar\u00e1 en los diferentes formularios de contacto. El usuario que facilite datos personales trav\u00e9s de los diferentes formularios de la web de \u201cYasyt\u201d, est\u00e1 proporcionando voluntariamente datos de car\u00e1cter personal (de ahora en adelante los Datos Personales). La informaci\u00f3n personal que nos facilite pasar\u00e1 a ser introducida en un tratamiento bajo la responsabilidad de \u201cYasyt\u201d, y se mantendr\u00e1 confidencial y protegida.<\/p>\n<p>En tal sentido, \u201cYasyt\u201d informa a los usuarios que, en cumplimiento del RGPD 679\/2016 y la L.O. 3\/2018 dispone de un Registro de Actividades. Por todo ello, el usuario acepta de forma expresa, plenamente y sin reservas que \u201cYasyt\u201d trate sus datos personales de forma automatizada e incorpore en el tratamiento de datos con la finalidad de poderle responder las consultas que usted plantee, y prestar y ofrecer sus servicios. En el ep\u00edgrafe finalidad le detallamos ampliamente con qu\u00e9 finalidad \u201cYasyt\u201d tratar\u00e1 sus datos personales.<\/p>\n<p>Esta pol\u00edtica de privacidad describe la recopilaci\u00f3n y el uso que hacemos de su informaci\u00f3n personal. Salvo que espec\u00edficamente se establezca lo contrario, se considerar\u00e1 necesario completar todos los datos obligatorios para utilizar todos los formularios.<\/p>\n<h3>Procedencia. \u00bfC\u00f3mo hemos obtenido sus datos?<\/h3>\n<p>Toda la informaci\u00f3n personal, datos de car\u00e1cter personal, que tenemos de usted nos la ha facilitado a trav\u00e9s de los diferentes formularios o en los correos electr\u00f3nicos.<\/p>\n<p>Datos que se solicitan en el formulario de contacto:<\/p>\n<ul>\n<li>Nombre y apellidos.<\/li>\n<li>Correo electr\u00f3nico.<\/li>\n<\/ul>\n<p>Visitar la web de \u201cYasyt\u201d no supone que el usuario est\u00e9 obligado a facilitar ninguna informaci\u00f3n sobre s\u00ed mismo.<\/p>\n<p>El usuario tendr\u00e1 la opci\u00f3n de prestar su aceptaci\u00f3n y consentimiento al tratamiento de sus Datos Personales por parte de \u201cYasyt\u201d de conformidad con la presente Pol\u00edtica de Protecci\u00f3n de Datos.<\/p>\n<p>\u201cYasyt\u201d proh\u00edbe expresamente que los menores de dieciocho a\u00f1os faciliten Datos Personales sin el consentimiento previo de sus padres o tutores. En caso de ser menor de dieciocho a\u00f1os y no tener dicho consentimiento, no facilite Datos Personales a \u201cYasyt\u201d ni utilice nuestros servicios.<\/p>\n<p>El usuario deber\u00e1 facilitar a \u201cYasyt\u201d los Datos Personales que se le puedan requerir cuando utilice el formulario de contacto. Los Datos Personales ser\u00e1n tratados con el grado de protecci\u00f3n legalmente exigible para garantizar la seguridad de los mismos y evitar su alteraci\u00f3n, p\u00e9rdida, tratamiento o acceso no autorizado, habida cuenta del estado de la tecnolog\u00eda, siendo el usuario consciente y aceptando que las medidas de seguridad en Internet no son inexpugnables.<\/p>\n<h3 id=\"finalidad\">Finalidad. \u00bfCon qu\u00e9 finalidad tratamos sus datos personales?<\/h3>\n<p>En \u201cYasyt\u201d tratamos la informaci\u00f3n que nos facilita para gestionar las consultas recibidas.<\/p>\n<p>En resumen, de lo dicho hasta el momento, la informaci\u00f3n personal que nos facilite a trav\u00e9s de los diferentes formularios y en los correos electr\u00f3nicos, se mantendr\u00e1 confidencial y protegida. En ning\u00fan caso se destinar\u00e1 o utilizar\u00e1 para otros fines, ni se entregar\u00e1 a terceras personas sin su consentimiento, de acuerdo con los principios del RGPD 679\/2016 y la L.O. 3\/2018. Para cumplir con las distintas disposiciones legales, hemos establecido diferentes niveles de seguridad para proteger los datos personales que nos faciliten, habiendo adoptado todas las medidas t\u00e9cnicas a nuestro alcance para evitar la p\u00e9rdida, mal uso, alteraci\u00f3n, acceso no autorizado y manipulaci\u00f3n de dichos datos personales.<\/p>\n<p>Nuestro compromiso:<\/p>\n<ul>\n<li>Prometemos proteger su intimidad y tratar de forma confidencial la informaci\u00f3n que proporcione.<\/li>\n<li>La informaci\u00f3n que proporcione ser\u00e1 utilizada \u00fanicamente para responder a sus consultar o referente a los servicios contratados.<\/li>\n<li>No revelaremos su informaci\u00f3n personal a terceros sin su consentimiento.<br \/><br \/><\/li>\n<\/ul>\n<h3>\u00bfPor cu\u00e1nto tiempo conservaremos sus datos?<\/h3>\n<p>Los datos de car\u00e1cter personal se conservar\u00e1n en cumplimiento de los plazos legales de prescripci\u00f3n que resulten de aplicaci\u00f3n.<br \/><br \/><\/p>\n<h3>Destinatarios. \u00bfA qu\u00e9 destinatarios se comunicar\u00e1n sus datos?<\/h3>\n<p>Estos datos ser\u00e1n tratados por \u201cYasyt\u201d y ser\u00e1n sometidos a secreto profesional para poder prestarle el servicio solicitado.<\/p>\n<h3>Derechos. \u00bfCu\u00e1les son sus derechos cuando nos facilita sus datos?<\/h3>\n<p>Cualquier persona tiene derecho a obtener confirmaci\u00f3n sobre si en \u201cYasyt\u201d estamos tratando datos personales que les conciernan, o no. Las personas interesadas tienen derecho a acceder a sus datos personales, as\u00ed como a solicitar la rectificaci\u00f3n de los datos inexactos o, en su caso, solicitar su supresi\u00f3n. Tiene siempre derecho a ejercer sus derechos de informaci\u00f3n, acceso, rectificaci\u00f3n, oposici\u00f3n, supresi\u00f3n, limitaci\u00f3n de tratamiento y portabilidad de los datos personales que nos haya proporcionado, establecidos en la RGPD 679\/2016 y la L.O. 3\/2018. Puede hacerlo por escrito a su domicilio social sito en P\u00ba. Bonanova, num. 94, bis, piso 1\u00ba 2\u00aa, 08017, Barcelona. Podr\u00e1 dirigirse a la Autoridad de Control competente para presentar la reclamaci\u00f3n que considere oportuna.<\/p>\n<h3>Pol\u00edtica de Cookies<\/h3>\n<p>Las cookies son peque\u00f1os archivos que se instalan en el ordenador del usuario y que permiten al responsable de un servicio mejorar la forma de interactuar entre sus visitantes y su sitio web. En algunos casos, la instalaci\u00f3n de estas cookies requiere del consentimiento del usuario.<\/p>\n<p>Existen diferentes clases de cookies, afectadas y no afectadas por la Ley:<\/p>\n<ul>\n<li>Cookies no afectadas:\n<ul class=\"indent\">\n<li>T\u00e9cnicas: Son necesaria para la navegaci\u00f3n. Sin ellas la p\u00e1gina no funcionar\u00eda adecuadamente.<\/li>\n<li>De personalizaci\u00f3n o configuraci\u00f3n: Permiten que la p\u00e1gina reconozca el idioma del usuario, el tama\u00f1o de letras, etc.<\/li>\n<li>De seguridad: Impiden o dificultan ataques contra el sitio web o sus usuarios.<\/li>\n<\/ul>\n<\/li>\n<li>Cookies afectadas:\n<ul class=\"indent\">\n<li>Anal\u00edticas: Permiten medir la actividad de los usuarios y elaborar estad\u00edsticas de navegaci\u00f3n.<\/li>\n<li>Publicitarias: Gestionan la frecuencia y el contenido de los anuncios.<\/li>\n<li>De seguimiento: Almacenan informaci\u00f3n sobre los usuarios para mostrarles publicidad personalizada.<\/li>\n<\/ul>\n<\/li>\n<\/ul>\n<p>\u201cYasyt\u201d informa que el sitio web utiliza Google Analytics, un servicio anal\u00edtico de web prestado por Google, Inc., una compa\u00f1\u00eda de Delaware cuya oficina principal est\u00e1 en 1600 Amphitheatre Parkway, Mountain View (California), CA 94043, Estados Unidos (&#8220;Google&#8221;).<\/p>\n<p>Google Analytics utiliza &#8220;cookies&#8221;, que son archivos de texto ubicados en su ordenador, para ayudar al website a analizar el uso que hacen los usuarios del sitio web. La informaci\u00f3n que genera la cookie acerca de su uso del website (incluyendo su direcci\u00f3n IP) ser\u00e1 directamente transmitida y archivada por Google en los servidores de Estados Unidos. Lista\u00a0<u><a href=\"https:\/\/developers.google.com\/analytics\/devguides\/collection\/analyticsjs\/cookie-usage?hl=es-419\">cookies de Google Analytics<\/a><\/u><\/p>\n<p>Cuando visita la web de \u201cYasyt\u201d, algunas cookies no las instalaremos nosotros, sino que las instalar\u00e1n terceros. Por ejemplo, si hace clic en un anuncio de un tercero que aparece en el sitio web (es decir, que anuncia un producto que no vendemos nosotros), ese tercero puede instalar las cookies en su dispositivo. Tenemos una relaci\u00f3n comercial con estos terceros pero no instalamos las cookies en su dispositivo. Por tanto, sugerimos que vaya a los sitios web de estos terceros para obtener m\u00e1s informaci\u00f3n sobre las cookies que instalan y c\u00f3mo usted puede gestionarlas.<\/p>\n<p>Puede usted rechazar el tratamiento de los datos o la informaci\u00f3n rechazando el uso de cookies mediante la selecci\u00f3n de la configuraci\u00f3n apropiada de su navegador, sin embargo, debe usted saber que si lo hace puede ser que no pueda usar la plena funcionabilidad de este website. Al utilizar este sitio Web usted consiente el tratamiento de informaci\u00f3n acerca de usted por Google en la forma y para los fines arriba indicados.<\/p>\n<p>Para desactivar\/activar cookies de su dispositivo, tendr\u00e1 que hacerlo a trav\u00e9s de su navegador de Internet.<\/p>\n<h3>\u00bfC\u00f3mo desactivar\/activar las cookies de terceros?<\/h3>\n<p>Las cookies de terceros no las instalamos nosotros. Por lo tanto, sugerimos que mire en los sitios web de esos terceros para obtener informaci\u00f3n sobre las cookies que instalan y c\u00f3mo las puede gestionar.<\/p>\n\t\t\t\t\t\t\t\t<\/div>\n\t\t\t\t<\/div>\n\t\t\t\t\t<\/div>\n\t\t\t\t<\/div>\n\t\t\t\t<\/div>\n\t\t","protected":false},"excerpt":{"rendered":"<p>POL\u00cdTICA DE PRIVACIDAD Responsable. \u00bfQui\u00e9n es el Responsable del tratamiento de sus datos? Le informamos que YASYT ROBOTICS, S.L. (en adelante \u201cYasyt\u201d) es la titular de la web yasyt.com, con [&hellip;]<\/p>\n","protected":false},"author":1,"featured_media":0,"parent":0,"menu_order":0,"comment_status":"closed","ping_status":"closed","template":"","meta":{"_acf_changed":false,"content-type":"","footnotes":""},"class_list":["post-13934","page","type-page","status-publish","hentry"],"acf":[],"aioseo_notices":[],"_links":{"self":[{"href":"https:\/\/yasyt.com\/en\/wp-json\/wp\/v2\/pages\/13934","targetHints":{"allow":["GET"]}}],"collection":[{"href":"https:\/\/yasyt.com\/en\/wp-json\/wp\/v2\/pages"}],"about":[{"href":"https:\/\/yasyt.com\/en\/wp-json\/wp\/v2\/types\/page"}],"author":[{"embeddable":true,"href":"https:\/\/yasyt.com\/en\/wp-json\/wp\/v2\/users\/1"}],"replies":[{"embeddable":true,"href":"https:\/\/yasyt.com\/en\/wp-json\/wp\/v2\/comments?post=13934"}],"version-history":[{"count":1,"href":"https:\/\/yasyt.com\/en\/wp-json\/wp\/v2\/pages\/13934\/revisions"}],"predecessor-version":[{"id":13937,"href":"https:\/\/yasyt.com\/en\/wp-json\/wp\/v2\/pages\/13934\/revisions\/13937"}],"wp:attachment":[{"href":"https:\/\/yasyt.com\/en\/wp-json\/wp\/v2\/media?parent=13934"}],"curies":[{"name":"wp","href":"https:\/\/api.w.org\/{rel}","templated":true}]}}